{"id":153383,"date":"2025-01-16T20:03:33","date_gmt":"2025-01-16T20:03:33","guid":{"rendered":"https:\/\/gtss.ie\/politica-de-confidentialitate\/"},"modified":"2025-02-21T07:52:42","modified_gmt":"2025-02-21T07:52:42","slug":"politica-de-confidentialitate","status":"publish","type":"page","link":"https:\/\/gtss.ie\/ro\/politica-de-confidentialitate\/","title":{"rendered":"Confiden\u021bialitate"},"content":{"rendered":"<p>[et_pb_section fb_built=&#8221;1&#8243; fullwidth=&#8221;on&#8221; theme_builder_area=&#8221;post_content&#8221; _builder_version=&#8221;4.27.4&#8243; _module_preset=&#8221;default&#8221;][et_pb_fullwidth_header title=&#8221;Politica de confiden\u021bialitate \u0219i protec\u021bia datelor&#8221; _builder_version=&#8221;4.27.4&#8243; _module_preset=&#8221;default&#8221; theme_builder_area=&#8221;post_content&#8221; alt=&#8221;Man performing CPR on mannequin&#8221; title_text=&#8221;Hero-Banner-1920&#215;385-Far-DIG1&#8243; background_image=&#8221;https:\/\/gtss.ie\/wp-content\/uploads\/2025\/02\/Hero-Banner-1920&#215;385-Far-DIG1.jpg&#8221; custom_padding=&#8221;8vw|46vw|8vw|0px|true|false&#8221; background_overlay_color=&#8221;RGBA(255,255,255,0)&#8221; use_background_color_gradient=&#8221;on&#8221; background_color=&#8221;RGBA(255,255,255,0)&#8221; background_color_gradient_stops=&#8221;rgba(173,41,57,0.71) 0%|rgba(19,17,21,0.8) 100%&#8221; background_color_gradient_direction=&#8221;213deg&#8221; background_blend=&#8221;multiply&#8221; hover_enabled=&#8221;0&#8243; sticky_enabled=&#8221;0&#8243; title_text_align=&#8221;left&#8221;][\/et_pb_fullwidth_header][\/et_pb_section][et_pb_section fb_built=&#8221;1&#8243; admin_label=&#8221;section&#8221; _builder_version=&#8221;4.16&#8243; global_colors_info=&#8221;{}&#8221;][et_pb_row admin_label=&#8221;r\u00e2nd&#8221; _builder_version=&#8221;4.16&#8243; background_size=&#8221;initial&#8221; background_position=&#8221;top_left&#8221; background_repeat=&#8221;repeat&#8221; custom_padding=&#8221;||115px|||&#8221; global_colors_info=&#8221;{}&#8221;][et_pb_column type=&#8221;4_4&#8243; _builder_version=&#8221;4.16&#8243; custom_padding=&#8221;|||&#8221; global_colors_info=&#8221;{}&#8221; custom_padding__hover=&#8221;|||&#8221;][et_pb_text admin_label=&#8221;Text&#8221; _builder_version=&#8221;4.16&#8243; background_size=&#8221;initial&#8221; background_position=&#8221;top_left&#8221; background_repeat=&#8221;repeat&#8221; global_colors_info=&#8221;{}&#8221;][\/et_pb_text][et_pb_text _builder_version=&#8221;4.27.4&#8243; _module_preset=&#8221;default&#8221; global_colors_info=&#8221;{}&#8221;]<\/p>\n<p>Ultima actualizare: 20\/01\/2025<\/p>\n<p><strong>1. Introducere<\/strong><br \/>Bine a\u021bi venit la <strong>Global Training Safety Solutions (GTSS)<\/strong>. Confiden\u021bialitatea dumneavoastr\u0103 este important\u0103 pentru noi. Aceast\u0103 politic\u0103 de confiden\u021bialitate explic\u0103 modul \u00een care colect\u0103m, utiliz\u0103m \u0219i protej\u0103m informa\u021biile dvs. personale atunci c\u00e2nd vizita\u021bi site-ul nostru www.gtss.ie sau utiliza\u021bi serviciile noastre.  <\/p>\n<p><strong>2. Informa\u021bii pe care le colect\u0103m<\/strong><br \/>Putem colecta \u0219i prelucra urm\u0103toarele tipuri de informa\u021bii:<\/p>\n<p>\u25cf Informa\u021bii personale: Numele, adresa de e-mail, num\u0103rul de telefon, detaliile de facturare \u0219i orice alte informa\u021bii furnizate atunci c\u00e2nd rezerva\u021bi un curs sau ne contacta\u021bi.<\/p>\n<p>\u25cf Informa\u021bii de plat\u0103: Atunci c\u00e2nd efectua\u021bi o achizi\u021bie, detaliile de plat\u0103 sunt procesate \u00een siguran\u021b\u0103 prin intermediul furnizorului nostru ter\u021b de pl\u0103\u021bi (nu stoc\u0103m detaliile cardului de plat\u0103).<\/p>\n<p>\u25cf Informa\u021bii tehnice: Adresa IP, tipul de browser, informa\u021bii despre dispozitiv \u0219i date de utilizare colectate prin cookie-uri \u0219i instrumente de analiz\u0103.<\/p>\n<p>\u25cf Date de comunicare: E-mailuri, mesaje \u0219i feedback pe care le furniza\u021bi atunci c\u00e2nd ne contacta\u021bi.<\/p>\n<p><strong>3. Cum utiliz\u0103m informa\u021biile dumneavoastr\u0103<\/strong><br \/>Utiliz\u0103m informa\u021biile dumneavoastr\u0103 \u00een urm\u0103toarele scopuri:<\/p>\n<p>\u25cf Pentru a procesa rezerv\u0103rile pentru cursuri \u0219i a furniza servicii de formare.<\/p>\n<p>\u25cf Pentru a comunica cu dvs. cu privire la solicit\u0103ri, rezerv\u0103ri \u0219i asisten\u021b\u0103 pentru clien\u021bi.<\/p>\n<p>\u25cf Pentru a \u00eembun\u0103t\u0103\u021bi site-ul nostru web, serviciile \u0219i experien\u021ba utilizatorului.<\/p>\n<p>\u25cf Pentru a respecta obliga\u021biile legale \u0219i a preveni frauda.<\/p>\n<p>\u25cf \u00cen scopuri de marketing (numai dac\u0103 a\u021bi optat s\u0103 primi\u021bi materiale promo\u021bionale).<\/p>\n<p><strong>4. Partajarea \u0219i securitatea datelor<\/strong><\/p>\n<p>\u25cf Nu vindem sau \u00eenchiriem informa\u021biile dvs. personale c\u0103tre ter\u021be p\u0103r\u021bi.<\/p>\n<p>\u25cf Datele dvs. pot fi partajate cu furnizorii de servicii (de exemplu, procesatori de pl\u0103\u021bi, asisten\u021b\u0103 IT) pentru a facilita serviciile noastre.<\/p>\n<p>\u25cf Implement\u0103m m\u0103suri de securitate pentru a v\u0103 proteja datele \u00eempotriva accesului neautorizat, pierderii sau utiliz\u0103rii abuzive.<\/p>\n<p>\u25cf Orice servicii ter\u021be pe care le utiliz\u0103m respect\u0103 GDPR \u0219i legile privind protec\u021bia datelor.<\/p>\n<p><strong>5. Cookie-uri \u0219i tehnologii de urm\u0103rire<\/strong><br \/>Utiliz\u0103m cookie-uri \u0219i instrumente de analiz\u0103 pentru a \u00eembun\u0103t\u0103\u021bi experien\u021ba utilizatorului \u0219i pentru a urm\u0103ri performan\u021ba site-ului. V\u0103 pute\u021bi gestiona preferin\u021bele privind modulele cookie prin set\u0103rile browserului. <\/p>\n<p><strong>6. Drepturile dumneavoastr\u0103 \u00een conformitate cu GDPR<\/strong><br \/>\u00cen calitate de utilizator \u00een Irlanda, ave\u021bi urm\u0103toarele drepturi:<\/p>\n<p>\u25cf Dreptul de a accesa \u0219i de a solicita o copie a datelor dumneavoastr\u0103 cu caracter personal.<\/p>\n<p>\u25cf Dreptul de a corecta informa\u021biile inexacte sau incomplete.<\/p>\n<p>\u25cf Dreptul de a solicita \u0219tergerea datelor (acolo unde este cazul din punct de vedere legal).<\/p>\n<p>\u25cf Dreptul de a se opune prelucr\u0103rii datelor \u00een scopuri de marketing.<\/p>\n<p>\u25cf Dreptul de a retrage consim\u021b\u0103m\u00e2ntul pentru prelucrarea datelor \u00een orice moment.<\/p>\n<p>Pentru a v\u0103 exercita drepturile, v\u0103 rug\u0103m s\u0103 ne contacta\u021bi la info@gtss.ie.<\/p>\n<p><strong>7. P\u0103strarea datelor<\/strong><br \/>P\u0103str\u0103m datele dumneavoastr\u0103 doar at\u00e2t timp c\u00e2t este necesar pentru scopurile descrise \u00een prezenta politic\u0103 sau \u00een conformitate cu legea.<\/p>\n<p><strong>8. Linkuri c\u0103tre ter\u021bi<\/strong><br \/>Site-ul nostru web poate con\u021bine linkuri c\u0103tre site-uri web externe. Nu suntem responsabili pentru practicile de confiden\u021bialitate ale p\u0103r\u021bilor ter\u021be \u0219i v\u0103 \u00eencuraj\u0103m s\u0103 consulta\u021bi separat politicile acestora. <\/p>\n<p><strong>9. Actualiz\u0103ri ale politicii<\/strong><br \/>Putem actualiza periodic prezenta Politic\u0103 de confiden\u021bialitate. Modific\u0103rile vor fi postate pe aceast\u0103 pagin\u0103 \u0219i v\u0103 \u00eencuraj\u0103m s\u0103 o consulta\u021bi periodic. <\/p>\n<p><strong>10. Contacta\u021bi-ne<\/strong><br \/>Pentru orice \u00eentreb\u0103ri sau solicit\u0103ri referitoare la datele dumneavoastr\u0103, v\u0103 rug\u0103m s\u0103 contacta\u021bi: Global Training Safety Solutions (GTSS)<\/p>\n<p><strong>E-mail: info@gtss.ie<\/strong><br \/><strong>Address: Unit 6, Block 50, Rosemount Business Park, Dublin 11, D11 RT29, Irlanda<\/strong><br \/><strong>Telefon: +353 (0)1 691 8834<\/strong><\/p>\n<p>Prin utilizarea site-ului nostru, sunte\u021bi de acord cu termenii prezentei Politici de confiden\u021bialitate.<\/p>\n<p>[\/et_pb_text][\/et_pb_column][\/et_pb_row][\/et_pb_section]<\/p>\n","protected":false},"excerpt":{"rendered":"<p>Ultima actualizare: 20\/01\/2025 1. IntroducereBine a\u021bi venit la Global Training Safety Solutions (GTSS). Confiden\u021bialitatea dumneavoastr\u0103 este important\u0103 pentru noi. Aceast\u0103 politic\u0103 de confiden\u021bialitate explic\u0103 modul \u00een care colect\u0103m, utiliz\u0103m \u0219i protej\u0103m informa\u021biile dvs. personale atunci c\u00e2nd vizita\u021bi site-ul nostru www.gtss.ie sau utiliza\u021bi serviciile noastre. 2. Informa\u021bii pe care le colect\u0103mPutem colecta \u0219i prelucra urm\u0103toarele tipuri [&hellip;]<\/p>\n","protected":false},"author":2,"featured_media":0,"parent":0,"menu_order":0,"comment_status":"closed","ping_status":"closed","template":"","meta":{"_acf_changed":false,"_et_pb_use_builder":"on","_et_pb_old_content":"","_et_gb_content_width":"","footnotes":""},"class_list":["post-153383","page","type-page","status-publish","hentry"],"acf":[],"_links":{"self":[{"href":"https:\/\/gtss.ie\/ro\/wp-json\/wp\/v2\/pages\/153383","targetHints":{"allow":["GET"]}}],"collection":[{"href":"https:\/\/gtss.ie\/ro\/wp-json\/wp\/v2\/pages"}],"about":[{"href":"https:\/\/gtss.ie\/ro\/wp-json\/wp\/v2\/types\/page"}],"author":[{"embeddable":true,"href":"https:\/\/gtss.ie\/ro\/wp-json\/wp\/v2\/users\/2"}],"replies":[{"embeddable":true,"href":"https:\/\/gtss.ie\/ro\/wp-json\/wp\/v2\/comments?post=153383"}],"version-history":[{"count":4,"href":"https:\/\/gtss.ie\/ro\/wp-json\/wp\/v2\/pages\/153383\/revisions"}],"predecessor-version":[{"id":154321,"href":"https:\/\/gtss.ie\/ro\/wp-json\/wp\/v2\/pages\/153383\/revisions\/154321"}],"wp:attachment":[{"href":"https:\/\/gtss.ie\/ro\/wp-json\/wp\/v2\/media?parent=153383"}],"curies":[{"name":"wp","href":"https:\/\/api.w.org\/{rel}","templated":true}]}}