{"id":137938,"date":"2020-05-22T04:26:31","date_gmt":"2020-05-22T03:26:31","guid":{"rendered":"https:\/\/gtss.ie\/cursuri-online-pentru-sanatate-si-siguranta-in-irlanda\/"},"modified":"2023-04-03T00:22:26","modified_gmt":"2023-04-02T23:22:26","slug":"cursuri-online-pentru-sanatate-si-siguranta-in-irlanda","status":"publish","type":"page","link":"https:\/\/gtss.ie\/ro\/cursuri-online-pentru-sanatate-si-siguranta-in-irlanda\/","title":{"rendered":"Cursuri online"},"content":{"rendered":"<p>[et_pb_section fb_built=&#8221;1&#8243; _builder_version=&#8221;4.16&#8243; background_color_gradient_direction=&#8221;89deg&#8221; background_size=&#8221;contain&#8221; background_position=&#8221;bottom_center&#8221; max_width=&#8221;100%&#8221; module_alignment=&#8221;center&#8221; custom_margin=&#8221;||||true|false&#8221; custom_padding=&#8221;5vw||5vw||true|false&#8221; da_disable_devices=&#8221;off|off|off&#8221; box_shadow_style=&#8221;preset3&#8243; global_colors_info=&#8221;{}&#8221; da_is_popup=&#8221;off&#8221; da_exit_intent=&#8221;off&#8221; da_has_close=&#8221;on&#8221; da_alt_close=&#8221;off&#8221; da_dark_close=&#8221;off&#8221; da_not_modal=&#8221;on&#8221; da_is_singular=&#8221;off&#8221; da_with_loader=&#8221;off&#8221; da_has_shadow=&#8221;on&#8221;][et_pb_row column_structure=&#8221;1_2,1_2&#8243; use_custom_gutter=&#8221;on&#8221; _builder_version=&#8221;4.16&#8243; width=&#8221;100%&#8221; max_width=&#8221;95%&#8221; custom_margin=&#8221;||||false|false&#8221; custom_padding=&#8221;0px||0px||true|false&#8221; global_colors_info=&#8221;{}&#8221;][et_pb_column type=&#8221;1_2&#8243; _builder_version=&#8221;4.16&#8243; global_colors_info=&#8221;{}&#8221;][et_pb_text _builder_version=&#8221;4.16&#8243; text_font=&#8221;|300|||||||&#8221; text_text_color=&#8221;#333333&#8243; text_font_size=&#8221;1.5vw&#8221; text_line_height=&#8221;1.5vw&#8221; header_font=&#8221;|600|||||||&#8221; header_text_align=&#8221;center&#8221; header_text_color=&#8221;#333333&#8243; header_font_size=&#8221;4vw&#8221; header_line_height=&#8221;4vw&#8221; header_2_font=&#8221;|300|||||||&#8221; header_2_text_color=&#8221;#e02b20&#8243; header_2_font_size=&#8221;1.8vw&#8221; header_2_line_height=&#8221;2.5vw&#8221; text_orientation=&#8221;center&#8221; max_width=&#8221;80%&#8221; module_alignment=&#8221;center&#8221; custom_margin=&#8221;||0px||false|false&#8221; custom_padding=&#8221;||0px||false|false&#8221; text_font_size_tablet=&#8221;3vw&#8221; text_font_size_phone=&#8221;5vw&#8221; text_font_size_last_edited=&#8221;on|phone&#8221; text_line_height_tablet=&#8221;4vw&#8221; text_line_height_phone=&#8221;6.5vw&#8221; text_line_height_last_edited=&#8221;on|desktop&#8221; header_font_size_tablet=&#8221;5.2vw&#8221; header_font_size_phone=&#8221;9vw&#8221; header_font_size_last_edited=&#8221;on|phone&#8221; header_line_height_tablet=&#8221;7vw&#8221; header_line_height_phone=&#8221;12vw&#8221; header_line_height_last_edited=&#8221;on|phone&#8221; header_2_font_size_tablet=&#8221;3vw&#8221; header_2_font_size_phone=&#8221;6vw&#8221; header_2_font_size_last_edited=&#8221;on|phone&#8221; header_2_line_height_tablet=&#8221;4vw&#8221; header_2_line_height_phone=&#8221;7.5vw&#8221; header_2_line_height_last_edited=&#8221;on|phone&#8221; global_colors_info=&#8221;{}&#8221;]<\/p>\n<h1>Cursuri online pentru s\u0103n\u0103tate \u0219i siguran\u021b\u0103 \u00een Irlanda<\/h1>\n<h2>Afla\u021bi despre s\u0103n\u0103tatea \u0219i siguran\u021ba \u00een Irlanda la unul dintre <strong>cursurile noastre online certificate<\/strong> ast\u0103zi. <\/h2>\n<p>[\/et_pb_text][et_pb_button button_url=&#8221;@ET-DC@eyJkeW5hbWljIjp0cnVlLCJjb250ZW50IjoicG9zdF9saW5rX3VybF9wYWdlIiwic2V0dGluZ3MiOnsicG9zdF9pZCI6IjY2OTEifX0=@&#8221; button_text=&#8221;Rezerva\u021bi online Training de siguran\u021b\u0103&#8221; button_alignment=&#8221;center&#8221; _builder_version=&#8221;4.16&#8243; _dynamic_attributes=&#8221;button_url&#8221; custom_button=&#8221;on&#8221; button_text_size=&#8221;1.2vw&#8221; button_text_color=&#8221;#ffffff&#8221; button_bg_color=&#8221;#e02b20&#8243; button_border_width=&#8221;0px&#8221; button_border_radius=&#8221;100px&#8221; button_letter_spacing=&#8221;1px&#8221; button_font=&#8221;|600||on|||||&#8221; button_icon=&#8221;&#xe046;||divi||400&#8243; button_on_hover=&#8221;off&#8221; custom_margin=&#8221;2vw||2vw||true|false&#8221; custom_padding=&#8221;1vw|3vw|1vw|2vw|true|false&#8221; custom_padding_tablet=&#8221;1vw|10vw|1vw|4vw|true|false&#8221; custom_padding_phone=&#8221;3vw|11vw|3vw|5vw|true|false&#8221; custom_padding_last_edited=&#8221;on|phone&#8221; button_text_size_tablet=&#8221;3vw&#8221; button_text_size_phone=&#8221;5vw&#8221; button_text_size_last_edited=&#8221;on|phone&#8221; box_shadow_style=&#8221;preset3&#8243; box_shadow_vertical=&#8221;30px&#8221; box_shadow_blur=&#8221;40px&#8221; box_shadow_spread=&#8221;-16px&#8221; box_shadow_color=&#8221;rgba(28,165,255,0.24)&#8221; locked=&#8221;off&#8221; global_colors_info=&#8221;{}&#8221;][\/et_pb_button][\/et_pb_column][et_pb_column type=&#8221;1_2&#8243; _builder_version=&#8221;4.16&#8243; global_colors_info=&#8221;{}&#8221;][et_pb_image src=&#8221;https:\/\/gtss.ie\/wp-content\/uploads\/2020\/05\/online-training-for-business-ireland-global-training-solutions-dublin.jpg&#8221; title_text=&#8221;training-online-pentru-afaceri-irlanda-solutii-global-de-training-dublin&#8221; align=&#8221;center&#8221; _builder_version=&#8221;4.16&#8243; global_colors_info=&#8221;{}&#8221;][\/et_pb_image][\/et_pb_column][\/et_pb_row][\/et_pb_section][et_pb_section fb_built=&#8221;1&#8243; admin_label=&#8221;Mission&#8221; module_id=&#8221;carte-online-formare-siguranta&#8221; _builder_version=&#8221;4.16&#8243; width=&#8221;100%&#8221; max_width=&#8221;100%&#8221; da_popup_slug=&#8221;book-online-safety-training&#8221; da_disable_devices=&#8221;off|off|off&#8221; locked=&#8221;off&#8221; global_colors_info=&#8221;{}&#8221; parallax_1__hover=&#8221;off&#8221; parallax_1__hover_enabled=&#8221;off&#8221; parallax_2__hover=&#8221;off&#8221; parallax_2__hover_enabled=&#8221;off&#8221; parallax_3__hover=&#8221;off&#8221; parallax_3__hover_enabled=&#8221;off&#8221; parallax_method_1__hover=&#8221;on&#8221; parallax_method_1__hover_enabled=&#8221;on&#8221; parallax_method_2__hover=&#8221;on&#8221; parallax_method_2__hover_enabled=&#8221;on&#8221; parallax_method_3__hover=&#8221;on&#8221; parallax_method_3__hover_enabled=&#8221;on&#8221; da_is_popup=&#8221;off&#8221; da_exit_intent=&#8221;off&#8221; da_has_close=&#8221;on&#8221; da_alt_close=&#8221;off&#8221; da_dark_close=&#8221;off&#8221; da_not_modal=&#8221;on&#8221; da_is_singular=&#8221;off&#8221; da_with_loader=&#8221;off&#8221; da_has_shadow=&#8221;on&#8221;][et_pb_row disabled_on=&#8221;on|on|on&#8221; _builder_version=&#8221;4.16&#8243; custom_margin=&#8221;||||false|false&#8221; custom_padding=&#8221;0px||0px||true|false&#8221; disabled=&#8221;on&#8221; global_colors_info=&#8221;{}&#8221;][et_pb_column type=&#8221;4_4&#8243; _builder_version=&#8221;4.16&#8243; global_colors_info=&#8221;{}&#8221;][et_pb_text _builder_version=&#8221;4.16&#8243; text_font=&#8221;||||||||&#8221; text_font_size=&#8221;1.2vw&#8221; text_line_height=&#8221;2vw&#8221; header_font_size=&#8221;40px&#8221; header_line_height=&#8221;1.3em&#8221; header_2_font=&#8221;|500|||||||&#8221; header_2_text_color=&#8221;#333333&#8243; header_2_font_size=&#8221;3vw&#8221; header_2_line_height=&#8221;6vw&#8221; header_3_font=&#8221;||||||||&#8221; header_3_font_size=&#8221;1.5vw&#8221; header_3_line_height=&#8221;3vw&#8221; text_orientation=&#8221;center&#8221; max_width=&#8221;90%&#8221; module_alignment=&#8221;center&#8221; text_font_size_tablet=&#8221;3vw&#8221; text_font_size_phone=&#8221;5vw&#8221; text_font_size_last_edited=&#8221;on|phone&#8221; text_line_height_tablet=&#8221;4vw&#8221; text_line_height_phone=&#8221;6.5vw&#8221; text_line_height_last_edited=&#8221;on|desktop&#8221; header_2_font_size_tablet=&#8221;4vw&#8221; header_2_font_size_phone=&#8221;8vw&#8221; header_2_font_size_last_edited=&#8221;on|tablet&#8221; header_2_line_height_tablet=&#8221;7vw&#8221; header_2_line_height_phone=&#8221;10vw&#8221; header_2_line_height_last_edited=&#8221;on|desktop&#8221; header_3_font_size_tablet=&#8221;3vw&#8221; header_3_font_size_phone=&#8221;5vw&#8221; header_3_font_size_last_edited=&#8221;on|desktop&#8221; header_3_line_height_tablet=&#8221;5vw&#8221; header_3_line_height_phone=&#8221;8vw&#8221; header_3_line_height_last_edited=&#8221;on|phone&#8221; locked=&#8221;off&#8221; global_colors_info=&#8221;{}&#8221;]<\/p>\n<h2>Rezerv\u0103-\u021bi acum cursul online de siguran\u021b\u0103:<\/h2>\n<p>[\/et_pb_text][\/et_pb_column][\/et_pb_row][et_pb_row disabled_on=&#8221;on|on|on&#8221; _builder_version=&#8221;4.16&#8243; width=&#8221;95%&#8221; max_width=&#8221;95%&#8221; custom_padding=&#8221;2vw||2vw||true|false&#8221; border_width_top=&#8221;1px&#8221; border_color_top=&#8221;#999999&#8243; disabled=&#8221;on&#8221; locked=&#8221;off&#8221; global_colors_info=&#8221;{}&#8221; custom_padding__hover_enabled=&#8221;off|desktop&#8221;][et_pb_column type=&#8221;4_4&#8243; _builder_version=&#8221;4.16&#8243; global_colors_info=&#8221;{}&#8221; custom_padding__hover=&#8221;|||&#8221;][et_pb_text _builder_version=&#8221;4.16&#8243; _module_preset=&#8221;default&#8221; global_colors_info=&#8221;{}&#8221;]<\/p>\n<p><strong>\n<script>\n  if (typeof hasAmeliaEntitiesApiCall === 'undefined' && ('' === '' && '' !== '1')) {\n    var hasAmeliaEntitiesApiCall = true;\n  }\n  var ameliaShortcodeData = (typeof ameliaShortcodeData === 'undefined') ? [] : ameliaShortcodeData;\n  ameliaShortcodeData.push(\n    {\n      'hasApiCall': (typeof hasAmeliaEntitiesApiCall !== 'undefined') && hasAmeliaEntitiesApiCall,\n      'trigger': '',\n      'trigger_type': '',\n      'triggered_form': 'sbsNew',\n      'in_dialog': '',\n      'show': '',\n      'counter': '1000',\n      'category': '',\n      'service': '1',\n      'employee': '',\n      'location': '',\n      'package': '',\n      'layout': '',\n    }\n  );\n\n  var ameliaShortcodeDataTriggered = (typeof ameliaShortcodeDataTriggered === 'undefined') ? [] : ameliaShortcodeDataTriggered;\n  if (ameliaShortcodeData[ameliaShortcodeData.length - 1].trigger !== '') {\n    if (ameliaShortcodeDataTriggered.filter(a => a.counter === ameliaShortcodeData[ameliaShortcodeData.length - 1].counter).length === 0) {\n      ameliaShortcodeDataTriggered.push(ameliaShortcodeData.pop());\n    } else {\n      ameliaShortcodeData.pop()\n    }\n  }\n  if (typeof hasAmeliaEntitiesApiCall !== 'undefined' && hasAmeliaEntitiesApiCall) {\n    hasAmeliaEntitiesApiCall = false;\n  }\n<\/script>\n\n<div\n  id=\"amelia-v2-booking-1000\"\n  class=\"amelia-v2-booking\"\n >\n    <step-form-wrapper><\/step-form-wrapper><\/div>\n<\/strong><\/p>\n<p>[\/et_pb_text][\/et_pb_column][\/et_pb_row][et_pb_row _builder_version=&#8221;4.16&#8243; width=&#8221;95%&#8221; max_width=&#8221;95%&#8221; custom_padding=&#8221;4vw||4vw||true|false&#8221; locked=&#8221;off&#8221; global_colors_info=&#8221;{}&#8221; custom_padding__hover_enabled=&#8221;off|desktop&#8221;][et_pb_column type=&#8221;4_4&#8243; _builder_version=&#8221;4.16&#8243; global_colors_info=&#8221;{}&#8221; custom_padding__hover=&#8221;|||&#8221;][et_pb_text _builder_version=&#8221;4.16&#8243; text_font=&#8221;||||||||&#8221; text_font_size=&#8221;1.2vw&#8221; text_line_height=&#8221;2vw&#8221; header_font_size=&#8221;40px&#8221; header_line_height=&#8221;1.3em&#8221; header_2_font=&#8221;|500|||||||&#8221; header_2_text_color=&#8221;#333333&#8243; header_2_font_size=&#8221;3vw&#8221; header_2_line_height=&#8221;6vw&#8221; header_3_font=&#8221;||||||||&#8221; header_3_font_size=&#8221;1.5vw&#8221; header_3_line_height=&#8221;3vw&#8221; text_orientation=&#8221;center&#8221; max_width=&#8221;76%&#8221; module_alignment=&#8221;center&#8221; text_font_size_tablet=&#8221;3vw&#8221; text_font_size_phone=&#8221;5vw&#8221; text_font_size_last_edited=&#8221;on|phone&#8221; text_line_height_tablet=&#8221;4vw&#8221; text_line_height_phone=&#8221;6.5vw&#8221; text_line_height_last_edited=&#8221;on|desktop&#8221; header_2_font_size_tablet=&#8221;4vw&#8221; header_2_font_size_phone=&#8221;8vw&#8221; header_2_font_size_last_edited=&#8221;on|tablet&#8221; header_2_line_height_tablet=&#8221;7vw&#8221; header_2_line_height_phone=&#8221;10vw&#8221; header_2_line_height_last_edited=&#8221;on|desktop&#8221; header_3_font_size_tablet=&#8221;3vw&#8221; header_3_font_size_phone=&#8221;5vw&#8221; header_3_font_size_last_edited=&#8221;on|desktop&#8221; header_3_line_height_tablet=&#8221;5vw&#8221; header_3_line_height_phone=&#8221;8vw&#8221; header_3_line_height_last_edited=&#8221;on|phone&#8221; locked=&#8221;off&#8221; global_colors_info=&#8221;{}&#8221;]<\/p>\n<h2>Cursurile noastre online pentru s\u0103n\u0103tate \u0219i siguran\u021b\u0103 \u00een Irlanda<\/h2>\n<p>[\/et_pb_text][\/et_pb_column][\/et_pb_row][et_pb_row column_structure=&#8221;1_3,1_3,1_3&#8243; use_custom_gutter=&#8221;on&#8221; _builder_version=&#8221;4.16&#8243; width=&#8221;90%&#8221; max_width=&#8221;90%&#8221; global_colors_info=&#8221;{}&#8221;][et_pb_column type=&#8221;1_3&#8243; _builder_version=&#8221;4.16&#8243; global_colors_info=&#8221;{}&#8221;][et_pb_text _builder_version=&#8221;4.16&#8243; text_font=&#8221;||||||||&#8221; text_font_size=&#8221;1.2vw&#8221; text_line_height=&#8221;2vw&#8221; header_font_size=&#8221;40px&#8221; header_line_height=&#8221;1.3em&#8221; header_2_font=&#8221;|500|||||||&#8221; header_2_text_color=&#8221;#333333&#8243; header_2_font_size=&#8221;3vw&#8221; header_2_line_height=&#8221;6vw&#8221; header_3_font=&#8221;||||||||&#8221; header_3_font_size=&#8221;1.5vw&#8221; header_3_line_height=&#8221;3vw&#8221; module_alignment=&#8221;center&#8221; text_font_size_tablet=&#8221;3vw&#8221; text_font_size_phone=&#8221;5vw&#8221; text_font_size_last_edited=&#8221;on|phone&#8221; text_line_height_tablet=&#8221;4vw&#8221; text_line_height_phone=&#8221;6.5vw&#8221; text_line_height_last_edited=&#8221;on|desktop&#8221; header_2_font_size_tablet=&#8221;4vw&#8221; header_2_font_size_phone=&#8221;8vw&#8221; header_2_font_size_last_edited=&#8221;on|tablet&#8221; header_2_line_height_tablet=&#8221;7vw&#8221; header_2_line_height_phone=&#8221;10vw&#8221; header_2_line_height_last_edited=&#8221;on|desktop&#8221; header_3_font_size_tablet=&#8221;3vw&#8221; header_3_font_size_phone=&#8221;5vw&#8221; header_3_font_size_last_edited=&#8221;on|desktop&#8221; header_3_line_height_tablet=&#8221;5vw&#8221; header_3_line_height_phone=&#8221;8vw&#8221; header_3_line_height_last_edited=&#8221;on|phone&#8221; locked=&#8221;off&#8221; global_colors_info=&#8221;{}&#8221;]<\/p>\n<p>Conducerea deciziei<br \/>S\u0103n\u0103tate \u0219i siguran\u021b\u0103 pentru manager<br \/>Ergonomia sta\u021biei de lucru cu VDU *<br \/>Siguran\u021b\u0103 pentru ham \u0219i scar\u0103<br \/>\u00cempotriva sp\u0103l\u0103rii de bani<br \/>Curs Anti-Mit\u0103 \u0219i Corup\u021bie<br \/>Curs de management al schimb\u0103rii<br \/>Delega\u021bie<br \/>V\u00e2nd prin Serviciul Clien\u021bi<br \/>Managementul timpului \u0219i al priorit\u0103\u021bilor<br \/>Sarcina la locul de munca<br \/>RoSPA \u2013 Con\u0219tientizarea siguran\u021bei la incendiu<br \/>RoSPA \u2013 Con\u0219tientizarea mediului<br \/>RoSPA \u2013 Con\u0219tientizarea spa\u021biilor \u00eenchise<br \/>RoSPA \u2013 Raportarea accidentelor<br \/>RoSPA \u2013 Siguran\u021ba Laboratorului <\/p>\n<p>[\/et_pb_text][\/et_pb_column][et_pb_column type=&#8221;1_3&#8243; _builder_version=&#8221;4.16&#8243; global_colors_info=&#8221;{}&#8221;][et_pb_text _builder_version=&#8221;4.16&#8243; text_font=&#8221;||||||||&#8221; text_font_size=&#8221;1.2vw&#8221; text_line_height=&#8221;2vw&#8221; header_font_size=&#8221;40px&#8221; header_line_height=&#8221;1.3em&#8221; header_2_font=&#8221;|500|||||||&#8221; header_2_text_color=&#8221;#333333&#8243; header_2_font_size=&#8221;3vw&#8221; header_2_line_height=&#8221;6vw&#8221; header_3_font=&#8221;||||||||&#8221; header_3_font_size=&#8221;1.5vw&#8221; header_3_line_height=&#8221;3vw&#8221; module_alignment=&#8221;center&#8221; text_font_size_tablet=&#8221;3vw&#8221; text_font_size_phone=&#8221;5vw&#8221; text_font_size_last_edited=&#8221;on|phone&#8221; text_line_height_tablet=&#8221;4vw&#8221; text_line_height_phone=&#8221;6.5vw&#8221; text_line_height_last_edited=&#8221;on|desktop&#8221; header_2_font_size_tablet=&#8221;4vw&#8221; header_2_font_size_phone=&#8221;8vw&#8221; header_2_font_size_last_edited=&#8221;on|tablet&#8221; header_2_line_height_tablet=&#8221;7vw&#8221; header_2_line_height_phone=&#8221;10vw&#8221; header_2_line_height_last_edited=&#8221;on|desktop&#8221; header_3_font_size_tablet=&#8221;3vw&#8221; header_3_font_size_phone=&#8221;5vw&#8221; header_3_font_size_last_edited=&#8221;on|desktop&#8221; header_3_line_height_tablet=&#8221;5vw&#8221; header_3_line_height_phone=&#8221;8vw&#8221; header_3_line_height_last_edited=&#8221;on|phone&#8221; locked=&#8221;off&#8221; global_colors_info=&#8221;{}&#8221;]<\/p>\n<p>Con\u0219tientizarea jafului armat<br \/>V\u00e2nzarea solu\u021biei<br \/>Influen\u021barea aptitudinilor oamenilor<br \/>Inteligenta emotionala<br \/>V\u00e2nzarea responsabil\u0103 de alcool<br \/>Abilit\u0103\u021bi de prezentare a \u0219edin\u021belor Consiliului<br \/>Planificarea individual\u0103 a dezvolt\u0103rii<br \/>Demnitatea la locul de munc\u0103<br \/>Cum s\u0103 desf\u0103\u0219ur\u0103m \u00eent\u00e2lniri eficiente<br \/>RoSPA \u2013 Con\u0219tientizarea MEWPs<br \/>RoSPA \u2013 Con\u0219tientizarea serviciilor \u00eengropate<br \/>RoSPA \u2013 Con\u0219tientizarea substan\u021belor periculoase<br \/>RoSPA \u2013 S\u0103n\u0103tate \u0219i siguran\u021b\u0103 pentru manageri<br \/>RoSPA \u2013 Managementul stresului pentru angaja\u021bi<br \/>RoSPA \u2013 Alergii alimentare <\/p>\n<p>[\/et_pb_text][\/et_pb_column][et_pb_column type=&#8221;1_3&#8243; _builder_version=&#8221;4.16&#8243; global_colors_info=&#8221;{}&#8221;][et_pb_text _builder_version=&#8221;4.16&#8243; text_font=&#8221;||||||||&#8221; text_font_size=&#8221;1.2vw&#8221; text_line_height=&#8221;2vw&#8221; header_font_size=&#8221;40px&#8221; header_line_height=&#8221;1.3em&#8221; header_2_font=&#8221;|500|||||||&#8221; header_2_text_color=&#8221;#333333&#8243; header_2_font_size=&#8221;3vw&#8221; header_2_line_height=&#8221;6vw&#8221; header_3_font=&#8221;||||||||&#8221; header_3_font_size=&#8221;1.5vw&#8221; header_3_line_height=&#8221;3vw&#8221; module_alignment=&#8221;center&#8221; text_font_size_tablet=&#8221;3vw&#8221; text_font_size_phone=&#8221;5vw&#8221; text_font_size_last_edited=&#8221;on|phone&#8221; text_line_height_tablet=&#8221;4vw&#8221; text_line_height_phone=&#8221;6.5vw&#8221; text_line_height_last_edited=&#8221;on|desktop&#8221; header_2_font_size_tablet=&#8221;4vw&#8221; header_2_font_size_phone=&#8221;8vw&#8221; header_2_font_size_last_edited=&#8221;on|tablet&#8221; header_2_line_height_tablet=&#8221;7vw&#8221; header_2_line_height_phone=&#8221;10vw&#8221; header_2_line_height_last_edited=&#8221;on|desktop&#8221; header_3_font_size_tablet=&#8221;3vw&#8221; header_3_font_size_phone=&#8221;5vw&#8221; header_3_font_size_last_edited=&#8221;on|desktop&#8221; header_3_line_height_tablet=&#8221;5vw&#8221; header_3_line_height_phone=&#8221;8vw&#8221; header_3_line_height_last_edited=&#8221;on|phone&#8221; locked=&#8221;off&#8221; global_colors_info=&#8221;{}&#8221;]<\/p>\n<p>Gestionarea sub presiune<br \/>Abilit\u0103\u021bi de comunicare<br \/>Managementul Serviciului Clien\u021bi<br \/>Managementul stresului pentru angaja\u021bi<br \/>Evaluarea riscurilor H&amp;S<br \/>Abilitati de negociere<br \/>Legea privind protec\u021bia datelor<br \/>RoSPA \u2013 Con\u0219tientizarea de baz\u0103 a primului ajutor<br \/>RoSPA \u2013 Con\u0219tientizarea lucrului la \u00een\u0103l\u021bimi<br \/>RoSPA \u2013 Con\u0219tientizarea azbestului<br \/>RoSPA \u2013 Securitate, S\u0103n\u0103tate \u0219i Mediu<br \/>RoSPA \u2013 Con\u0219tientizarea alunec\u0103rilor, excursiilor \u0219i c\u0103derilor<br \/>RoSPA \u2013 Con\u0219tientizarea protec\u021biei m\u00e2inilor<br \/>RoSPA \u2013 Con\u0219tientizarea siguran\u021bei scarilor<br \/>RoSPA \u2013 Siguran\u021ba depozitului<\/p>\n<p>[\/et_pb_text][\/et_pb_column][\/et_pb_row][et_pb_row _builder_version=&#8221;4.16&#8243; background_color=&#8221;#e02b20&#8243; width=&#8221;100%&#8221; max_width=&#8221;100%&#8221; custom_padding=&#8221;10vw||10vw||true|false&#8221; locked=&#8221;off&#8221; global_colors_info=&#8221;{}&#8221;][et_pb_column type=&#8221;4_4&#8243; _builder_version=&#8221;4.16&#8243; global_colors_info=&#8221;{}&#8221; custom_padding__hover=&#8221;|||&#8221;][et_pb_text _builder_version=&#8221;4.16&#8243; text_font=&#8221;||||||||&#8221; text_font_size=&#8221;1.2vw&#8221; text_line_height=&#8221;2vw&#8221; header_font_size=&#8221;40px&#8221; header_line_height=&#8221;1.3em&#8221; header_2_font=&#8221;|500|||||||&#8221; header_2_font_size=&#8221;3vw&#8221; header_2_line_height=&#8221;6vw&#8221; header_3_font=&#8221;||||||||&#8221; header_3_font_size=&#8221;1.5vw&#8221; header_3_line_height=&#8221;3vw&#8221; text_orientation=&#8221;center&#8221; background_layout=&#8221;dark&#8221; max_width=&#8221;60%&#8221; max_width_tablet=&#8221;85%&#8221; max_width_phone=&#8221;90%&#8221; max_width_last_edited=&#8221;on|desktop&#8221; module_alignment=&#8221;center&#8221; text_font_size_tablet=&#8221;3vw&#8221; text_font_size_phone=&#8221;5vw&#8221; text_font_size_last_edited=&#8221;on|phone&#8221; text_line_height_tablet=&#8221;4vw&#8221; text_line_height_phone=&#8221;6.5vw&#8221; text_line_height_last_edited=&#8221;on|desktop&#8221; header_2_font_size_tablet=&#8221;4vw&#8221; header_2_font_size_phone=&#8221;8vw&#8221; header_2_font_size_last_edited=&#8221;on|tablet&#8221; header_2_line_height_tablet=&#8221;7vw&#8221; header_2_line_height_phone=&#8221;10vw&#8221; header_2_line_height_last_edited=&#8221;on|desktop&#8221; header_3_font_size_tablet=&#8221;3vw&#8221; header_3_font_size_phone=&#8221;5vw&#8221; header_3_font_size_last_edited=&#8221;on|desktop&#8221; header_3_line_height_tablet=&#8221;5vw&#8221; header_3_line_height_phone=&#8221;8vw&#8221; header_3_line_height_last_edited=&#8221;on|phone&#8221; locked=&#8221;off&#8221; global_colors_info=&#8221;{}&#8221;]<\/p>\n<h2>Misiunea noastr\u0103 la Global Training Solutions<\/h2>\n<p><span>\u201eGlobal Training Solutions este o companie de training creat\u0103 de profesioni\u0219ti din industrie, cu o pasiune pentru instruire \u0219i consultan\u021b\u0103 \u00een materie de siguran\u021b\u0103. Ne pas\u0103 de s\u0103n\u0103tatea \u0219i securitatea la locul de munc\u0103.\u201d<\/span><\/p>\n<p>[\/et_pb_text][\/et_pb_column][\/et_pb_row][\/et_pb_section]<\/p>\n","protected":false},"excerpt":{"rendered":"<p>Cursuri online pentru s\u0103n\u0103tate \u0219i siguran\u021b\u0103 \u00een Irlanda Afla\u021bi despre s\u0103n\u0103tatea \u0219i siguran\u021ba \u00een Irlanda la unul dintre cursurile noastre online certificate ast\u0103zi. Rezerv\u0103-\u021bi acum cursul online de siguran\u021b\u0103:\n<script>\n  if (typeof hasAmeliaEntitiesApiCall === 'undefined' && ('' === '' && '' !== '1')) {\n    var hasAmeliaEntitiesApiCall = true;\n  }\n  var ameliaShortcodeData = (typeof ameliaShortcodeData === 'undefined') ? [] : ameliaShortcodeData;\n  ameliaShortcodeData.push(\n    {\n      'hasApiCall': (typeof hasAmeliaEntitiesApiCall !== 'undefined') && hasAmeliaEntitiesApiCall,\n      'trigger': '',\n      'trigger_type': '',\n      'triggered_form': 'sbsNew',\n      'in_dialog': '',\n      'show': '',\n      'counter': '1001',\n      'category': '',\n      'service': '1',\n      'employee': '',\n      'location': '',\n      'package': '',\n      'layout': '',\n    }\n  );\n\n  var ameliaShortcodeDataTriggered = (typeof ameliaShortcodeDataTriggered === 'undefined') ? [] : ameliaShortcodeDataTriggered;\n  if (ameliaShortcodeData[ameliaShortcodeData.length - 1].trigger !== '') {\n    if (ameliaShortcodeDataTriggered.filter(a => a.counter === ameliaShortcodeData[ameliaShortcodeData.length - 1].counter).length === 0) {\n      ameliaShortcodeDataTriggered.push(ameliaShortcodeData.pop());\n    } else {\n      ameliaShortcodeData.pop()\n    }\n  }\n  if (typeof hasAmeliaEntitiesApiCall !== 'undefined' && hasAmeliaEntitiesApiCall) {\n    hasAmeliaEntitiesApiCall = false;\n  }\n<\/script>\n\n<div\n  id=\"amelia-v2-booking-1001\"\n  class=\"amelia-v2-booking\"\n >\n    <step-form-wrapper><\/step-form-wrapper><\/div>\nCursurile noastre online pentru s\u0103n\u0103tate \u0219i siguran\u021b\u0103 \u00een IrlandaConducerea decizieiS\u0103n\u0103tate \u0219i siguran\u021b\u0103 pentru managerErgonomia sta\u021biei de lucru cu VDU *Siguran\u021b\u0103 pentru ham \u0219i scar\u0103\u00cempotriva sp\u0103l\u0103rii de [&hellip;]<\/p>\n","protected":false},"author":1,"featured_media":0,"parent":0,"menu_order":0,"comment_status":"closed","ping_status":"closed","template":"","meta":{"_acf_changed":false,"_et_pb_use_builder":"on","_et_pb_old_content":"","_et_gb_content_width":"","footnotes":""},"class_list":["post-137938","page","type-page","status-publish","hentry"],"acf":[],"_links":{"self":[{"href":"https:\/\/gtss.ie\/ro\/wp-json\/wp\/v2\/pages\/137938","targetHints":{"allow":["GET"]}}],"collection":[{"href":"https:\/\/gtss.ie\/ro\/wp-json\/wp\/v2\/pages"}],"about":[{"href":"https:\/\/gtss.ie\/ro\/wp-json\/wp\/v2\/types\/page"}],"author":[{"embeddable":true,"href":"https:\/\/gtss.ie\/ro\/wp-json\/wp\/v2\/users\/1"}],"replies":[{"embeddable":true,"href":"https:\/\/gtss.ie\/ro\/wp-json\/wp\/v2\/comments?post=137938"}],"version-history":[{"count":5,"href":"https:\/\/gtss.ie\/ro\/wp-json\/wp\/v2\/pages\/137938\/revisions"}],"predecessor-version":[{"id":143951,"href":"https:\/\/gtss.ie\/ro\/wp-json\/wp\/v2\/pages\/137938\/revisions\/143951"}],"wp:attachment":[{"href":"https:\/\/gtss.ie\/ro\/wp-json\/wp\/v2\/media?parent=137938"}],"curies":[{"name":"wp","href":"https:\/\/api.w.org\/{rel}","templated":true}]}}