{"id":137928,"date":"2020-05-22T04:02:51","date_gmt":"2020-05-22T03:02:51","guid":{"rendered":"https:\/\/gtss.ie\/consultant-in-sanatate-si-siguranta-dublin\/"},"modified":"2024-08-09T17:03:25","modified_gmt":"2024-08-09T16:03:25","slug":"consultant-in-sanatate-si-siguranta-dublin","status":"publish","type":"page","link":"https:\/\/gtss.ie\/ro\/consultant-in-sanatate-si-siguranta-dublin\/","title":{"rendered":"Consultanta"},"content":{"rendered":"<p>[et_pb_section fb_built=&#8221;1&#8243; admin_label=&#8221;Section&#8221; _builder_version=&#8221;4.16&#8243; background_color_gradient_direction=&#8221;89deg&#8221; background_size=&#8221;contain&#8221; background_position=&#8221;bottom_center&#8221; max_width=&#8221;100%&#8221; module_alignment=&#8221;center&#8221; custom_margin=&#8221;||||true|false&#8221; custom_padding=&#8221;5vw||5vw||false|false&#8221; box_shadow_style=&#8221;preset3&#8243; global_colors_info=&#8221;{}&#8221;][et_pb_row column_structure=&#8221;1_2,1_2&#8243; _builder_version=&#8221;4.16&#8243; global_colors_info=&#8221;{}&#8221;][et_pb_column type=&#8221;1_2&#8243; _builder_version=&#8221;4.16&#8243; global_colors_info=&#8221;{}&#8221;][et_pb_text _builder_version=&#8221;4.27.0&#8243; text_font_size=&#8221;1.5vw&#8221; text_line_height=&#8221;1.5vw&#8221; header_font=&#8221;|600|||||||&#8221; header_line_height=&#8221;4vw&#8221; header_2_font=&#8221;|300|||||||&#8221; header_2_text_color=&#8221;#e02b20&#8243; header_2_font_size=&#8221;1.8vw&#8221; header_2_line_height=&#8221;2.5vw&#8221; text_orientation=&#8221;center&#8221; custom_margin=&#8221;||0px||false|false&#8221; custom_padding=&#8221;||0px||false|false&#8221; header_font_size_tablet=&#8221;5.2vw&#8221; header_line_height_tablet=&#8221;&#8221; header_line_height_phone=&#8221;12vw&#8221; header_line_height_last_edited=&#8221;on|phone&#8221; header_2_font_size_tablet=&#8221;3vw&#8221; header_2_font_size_phone=&#8221;6vw&#8221; header_2_line_height_tablet=&#8221;4vw&#8221; header_2_line_height_phone=&#8221;7.5vw&#8221; header_2_line_height_last_edited=&#8221;on|phone&#8221; global_colors_info=&#8221;{}&#8221;]<\/p>\n<h1>Consultan\u021b\u0103 pentru s\u0103n\u0103tate \u0219i siguran\u021b\u0103<\/h1>\n<h2>Ob\u021bine\u021bi formare unic\u0103 \u00een materie de siguran\u021b\u0103 \u0219i consultan\u021b\u0103 \u00een materie de siguran\u021b\u0103 pentru afacerea dvs<\/h2>\n<p>&nbsp;<\/p>\n<p>[\/et_pb_text][et_pb_button button_url=&#8221;#book-now&#8221; button_text=&#8221;Rezerva\u021bi un apel \u00eenapoi gratuit&#8221; button_alignment_phone=&#8221;center&#8221; _builder_version=&#8221;4.27.0&#8243; _module_preset=&#8221;default&#8221; locked=&#8221;off&#8221; global_colors_info=&#8221;{}&#8221;][\/et_pb_button][\/et_pb_column][et_pb_column type=&#8221;1_2&#8243; _builder_version=&#8221;4.16&#8243; global_colors_info=&#8221;{}&#8221;][et_pb_image src=&#8221;https:\/\/gtss.ie\/wp-content\/uploads\/2020\/05\/safety-training-ireland-online-courses-global-training-solutions-dublin.jpg&#8221; alt=&#8221;training de siguran\u021b\u0103 dublin Irlanda cursuri online Global Training Solutions&#8221; title_text=&#8221;training-siguranta-irlanda-cursuri-online-solutii-globale-de-training-dublin&#8221; _builder_version=&#8221;4.27.0&#8243; _module_preset=&#8221;default&#8221; global_colors_info=&#8221;{}&#8221;][\/et_pb_image][\/et_pb_column][\/et_pb_row][\/et_pb_section][et_pb_section fb_built=&#8221;1&#8243; admin_label=&#8221;Mission&#8221; _builder_version=&#8221;4.27.0&#8243; width=&#8221;100%&#8221; max_width=&#8221;100%&#8221; custom_padding=&#8221;||0px||false|false&#8221; locked=&#8221;off&#8221; global_colors_info=&#8221;{}&#8221; parallax_1__hover=&#8221;off&#8221; parallax_1__hover_enabled=&#8221;off&#8221; parallax_2__hover=&#8221;off&#8221; parallax_2__hover_enabled=&#8221;off&#8221; parallax_3__hover=&#8221;off&#8221; parallax_3__hover_enabled=&#8221;off&#8221; parallax_method_1__hover=&#8221;on&#8221; parallax_method_1__hover_enabled=&#8221;on&#8221; parallax_method_2__hover=&#8221;on&#8221; parallax_method_2__hover_enabled=&#8221;on&#8221; parallax_method_3__hover=&#8221;on&#8221; parallax_method_3__hover_enabled=&#8221;on&#8221;][et_pb_row _builder_version=&#8221;4.27.0&#8243; _module_preset=&#8221;default&#8221; custom_padding=&#8221;0px||||false|false&#8221; global_colors_info=&#8221;{}&#8221;][et_pb_column type=&#8221;4_4&#8243; _builder_version=&#8221;4.27.0&#8243; _module_preset=&#8221;default&#8221; global_colors_info=&#8221;{}&#8221;][et_pb_text _builder_version=&#8221;4.27.0&#8243; header_2_text_align=&#8221;center&#8221; text_orientation=&#8221;center&#8221; locked=&#8221;off&#8221; global_colors_info=&#8221;{}&#8221;]<\/p>\n<div class=\"\" data-block=\"true\" data-editor=\"9rj4v\" data-offset-key=\"6kdb9-0-0\">\n<h2>Instruire pentru s\u0103n\u0103tate \u0219i siguran\u021b\u0103<\/h2>\n<p>Suntem compania de training pe care o dori\u021bi, oferind toate nevoile dumneavoastr\u0103 de s\u0103n\u0103tate \u0219i siguran\u021b\u0103. Cu vaste cuno\u0219tin\u021be \u0219i experien\u021b\u0103 \u00een toate domeniile noastre de specialitate, avem solu\u021biile de instruire \u0219i consultan\u021b\u0103 de care ave\u021bi nevoie.<\/p>\n<p>Scopul nostru este s\u0103 v\u0103 oferim o experien\u021b\u0103 unic\u0103 de instruire \u0219i consultan\u021b\u0103 \u00een materie de siguran\u021b\u0103. Suntem \u00eencrez\u0103tori c\u0103, odat\u0103 ce ve\u021bi experimenta serviciul nostru, ve\u021bi reveni mereu \u0219i din nou.<\/p>\n<p><strong>\u201e Antrenamentul ar trebui s\u0103 fie o pl\u0103cere, nu o corvoad\u0103\u201d<\/strong><\/p>\n<\/div>\n<p>[\/et_pb_text][\/et_pb_column][\/et_pb_row][et_pb_row _builder_version=&#8221;4.27.0&#8243; _module_preset=&#8221;default&#8221; custom_padding=&#8221;||0px||false|false&#8221; global_colors_info=&#8221;{}&#8221;][et_pb_column type=&#8221;4_4&#8243; _builder_version=&#8221;4.27.0&#8243; _module_preset=&#8221;default&#8221; global_colors_info=&#8221;{}&#8221;][et_pb_text _builder_version=&#8221;4.27.0&#8243; _module_preset=&#8221;default&#8221; header_2_text_align=&#8221;center&#8221; header_2_text_color=&#8221;#ED1C24&#8243; global_colors_info=&#8221;{}&#8221;]<\/p>\n<h2>Cum putem \u00eembun\u0103t\u0103\u021bi siguran\u021ba \u00een afacerea dvs<\/h2>\n<p>[\/et_pb_text][\/et_pb_column][\/et_pb_row][et_pb_row column_structure=&#8221;1_3,1_3,1_3&#8243; use_custom_gutter=&#8221;on&#8221; gutter_width=&#8221;2&#8243; _builder_version=&#8221;4.27.0&#8243; _module_preset=&#8221;default&#8221; custom_padding=&#8221;0px||||false|false&#8221; global_colors_info=&#8221;{}&#8221;][et_pb_column type=&#8221;1_3&#8243; _builder_version=&#8221;4.27.0&#8243; _module_preset=&#8221;default&#8221; global_colors_info=&#8221;{}&#8221;][et_pb_blurb title=&#8221;Cursuri Safe Pass&#8221; image=&#8221;https:\/\/gtss.ie\/wp-content\/uploads\/2020\/05\/health-and-safety-training-cartoon-trainer-and-students-classes-global-training-solutions.jpg&#8221; alt=&#8221;s\u0103n\u0103tate-\u0219i-siguran\u021b\u0103-training-cartoon-trainer-and-students-classes-global-training-solutions&#8221; _builder_version=&#8221;4.27.0&#8243; _module_preset=&#8221;3349b5d6-b7f6-4eb8-9616-d2d18b278d60&#8243; global_colors_info=&#8221;{}&#8221;]<\/p>\n<p><strong>Antrenamentul Safe Pass are loc \u00een fiecare miercuri \u00een Ballycoolin, Dublin 11.<\/strong><\/p>\n<p><strong>Trening Safe Pass Po Polsku<\/strong><\/p>\n<p>Desf\u0103\u0219ur\u0103m antrenament sigur \u00een fiecare miercuri la sediul nostru din Ballycoolin, Dublin 11, l\u00e2ng\u0103 Blanchardstown. Ob\u021bine\u021bi un permis sigur \u00een aceea\u0219i zi la un pre\u021b eficient. Completa\u021bi <a href=\"#book-now\" title=\"Rezerva\u021bi consultan\u021b\u0103 \u00een domeniul s\u0103n\u0103t\u0103\u021bii \u0219i securit\u0103\u021bii GTSS\">formularul de cerere de informa\u021bii<\/a> sau suna\u021bi-ne acum la <a href=\"tel:+35316918834\" target=\"_blank\" rel=\"noopener\" title=\"Telefon GTSS 01 6918834\">01 6918834<\/a>.<\/p>\n<p>[\/et_pb_blurb][\/et_pb_column][et_pb_column type=&#8221;1_3&#8243; _builder_version=&#8221;4.27.0&#8243; _module_preset=&#8221;default&#8221; global_colors_info=&#8221;{}&#8221;][et_pb_blurb title=&#8221;Evalu\u0103ri ale riscurilor&#8221; image=&#8221;https:\/\/gtss.ie\/wp-content\/uploads\/2020\/05\/risk-assessment-for-business-global-safety-solutions-dublin-ireland.jpg&#8221; alt=&#8221;evaluari riscuri solutii de instruire gloabl laptop cu con de siguranta&#8221; _builder_version=&#8221;4.27.0&#8243; _module_preset=&#8221;3349b5d6-b7f6-4eb8-9616-d2d18b278d60&#8243; global_colors_info=&#8221;{}&#8221;]<\/p>\n<p>Evalu\u0103rile riscurilor sunt esen\u021biale pentru a asigura siguran\u021ba angaja\u021bilor dumneavoastr\u0103. Proprietarii de afaceri sunt obliga\u021bi prin lege s\u0103 efectueze evalu\u0103ri ale riscurilor \u0219i s\u0103 \u021bin\u0103 o eviden\u021b\u0103 scris\u0103 a acestor evalu\u0103ri de risc la sediul lor. Evalu\u0103rile riscurilor nu trebuie s\u0103 fie un proces complicat. Pur \u0219i simplu implic\u0103 identificarea proceselor din afacerea dvs. \u0219i descoperirea oric\u0103ror amenin\u021b\u0103ri la adresa angaja\u021bilor sau vizitatorilor dvs. \u00een timp ce v\u0103 afla\u021bi la sediul dumneavoastr\u0103. Global Training Solutions utilizeaz\u0103 un proces \u00een patru etape \u00een identificarea \u0219i gestionarea riscurilor. Acestea sunt dup\u0103 cum urmeaz\u0103:<\/p>\n<p><strong>1) Identificarea riscurilor<\/strong><\/p>\n<p><strong>2) Analiza riscurilor (analiza impactului)<\/strong><\/p>\n<p><strong>3) Evaluarea riscurilor<\/strong><\/p>\n<p><strong>4) Gestionarea riscurilor<\/strong><\/p>\n<p>Completa\u021bi <a href=\"#book-now\" title=\"Rezerva\u021bi consultan\u021b\u0103 \u00een domeniul s\u0103n\u0103t\u0103\u021bii \u0219i securit\u0103\u021bii GTSS\">formularul de cerere de informa\u021bii<\/a> sau suna\u021bi-ne acum la <a href=\"tel:+35316918834\" target=\"_blank\" rel=\"noopener\" title=\"Telefon GTSS 01 6918834\">01 6918834<\/a>.<\/p>\n<p>[\/et_pb_blurb][\/et_pb_column][et_pb_column type=&#8221;1_3&#8243; _builder_version=&#8221;4.27.0&#8243; _module_preset=&#8221;default&#8221; global_colors_info=&#8221;{}&#8221;][et_pb_blurb title=&#8221;Primul ajutor ocupa\u021bional&#8221; image=&#8221;https:\/\/gtss.ie\/wp-content\/uploads\/2020\/05\/occupational-first-aid-course-dublin-blanchardstown.jpg&#8221; alt=&#8221;Instruire in domeniul sanatatii si securitatii &#8211; primul ajutor in munca&#8221; _builder_version=&#8221;4.27.0&#8243; _module_preset=&#8221;3349b5d6-b7f6-4eb8-9616-d2d18b278d60&#8243; global_colors_info=&#8221;{}&#8221;]<\/p>\n<p>Cursurile noastre de prim ajutor ocupa\u021bional urm\u0103resc s\u0103 ofere studen\u021bilor no\u0219tri cuno\u0219tin\u021bele, experien\u021ba practic\u0103 \u0219i abilit\u0103\u021bile necesare pentru a face fa\u021b\u0103 oric\u0103rei situa\u021bii de prim ajutor \u00eentr-un mod profesional \u0219i adecvat. Prevenirea accidentelor la locul de munc\u0103 este prima prioritate, dar de\u021binerea cuno\u0219tin\u021belor \u0219i abilit\u0103\u021bilor pentru a face fa\u021b\u0103 incidentelor pe m\u0103sur\u0103 ce acestea apar este, de asemenea, esen\u021bial\u0103. Finalizarea acestui curs va asigura conformitatea cu Regulamentul de securitate, s\u0103n\u0103tate \u0219i bun\u0103stare la locul de munc\u0103.<\/p>\n<p>Completa\u021bi <a href=\"#book-now\" title=\"Rezerva\u021bi consultan\u021b\u0103 \u00een domeniul s\u0103n\u0103t\u0103\u021bii \u0219i securit\u0103\u021bii GTSS\">formularul de cerere de informa\u021bii<\/a> sau suna\u021bi-ne acum la <a href=\"tel:+35316918834\" target=\"_blank\" rel=\"noopener\" title=\"Telefon GTSS 01 6918834\">01 6918834<\/a>.<\/p>\n<p>[\/et_pb_blurb][\/et_pb_column][\/et_pb_row][\/et_pb_section][et_pb_section fb_built=&#8221;1&#8243; admin_label=&#8221;Mission&#8221; module_id=&#8221;carte-acum&#8221; _builder_version=&#8221;4.27.0&#8243; width=&#8221;100%&#8221; max_width=&#8221;100%&#8221; locked=&#8221;off&#8221; global_colors_info=&#8221;{}&#8221; parallax_1__hover=&#8221;off&#8221; parallax_1__hover_enabled=&#8221;off&#8221; parallax_2__hover=&#8221;off&#8221; parallax_2__hover_enabled=&#8221;off&#8221; parallax_3__hover=&#8221;off&#8221; parallax_3__hover_enabled=&#8221;off&#8221; parallax_method_1__hover=&#8221;on&#8221; parallax_method_1__hover_enabled=&#8221;on&#8221; parallax_method_2__hover=&#8221;on&#8221; parallax_method_2__hover_enabled=&#8221;on&#8221; parallax_method_3__hover=&#8221;on&#8221; parallax_method_3__hover_enabled=&#8221;on&#8221;][et_pb_row _builder_version=&#8221;4.27.0&#8243; global_colors_info=&#8221;{}&#8221;][et_pb_column type=&#8221;4_4&#8243; _builder_version=&#8221;4.16&#8243; global_colors_info=&#8221;{}&#8221;][et_pb_text _builder_version=&#8221;4.27.0&#8243; header_2_text_align=&#8221;center&#8221; header_3_font=&#8221;||||||||&#8221; text_orientation=&#8221;center&#8221; hover_enabled=&#8221;0&#8243; locked=&#8221;off&#8221; global_colors_info=&#8221;{}&#8221; sticky_enabled=&#8221;0&#8243;]<\/p>\n<h2>Rezerva\u021bi un apel \u00eenapoi gratuit<\/h2>\n<p>Suntem bucuro\u0219i s\u0103 v\u0103 \u00eendrum\u0103m cu privire la op\u021biunile de \u00eembun\u0103t\u0103\u021bire a s\u0103n\u0103t\u0103\u021bii \u0219i siguran\u021bei \u00een afacerea dumneavoastr\u0103.<br \/>\nTrimite\u021bi-ne un mesaj \u0219i v\u0103 vom suna \u00eenapoi pentru a discuta cele mai bune op\u021biuni pentru nevoile dumneavoastr\u0103 unice. <\/p>\n<p>[\/et_pb_text][et_pb_code _builder_version=&#8221;4.27.0&#8243; _module_preset=&#8221;default&#8221; global_colors_info=&#8221;{}&#8221;]<form id=\"forminator-module-6781\" class=\"forminator-custom-form forminator-custom-form-6781\" method=\"post\" data-forminator-render=\"0\" data-uid=\"69f45eee47321\"><div role=\"alert\" aria-live=\"polite\" class=\"forminator-response-message forminator-error\" aria-hidden=\"true\"><\/div><\/form>[\/et_pb_code][\/et_pb_column][\/et_pb_row][\/et_pb_section][et_pb_section fb_built=&#8221;1&#8243; admin_label=&#8221;Section&#8221; _builder_version=&#8221;4.27.0&#8243; use_background_color_gradient=&#8221;on&#8221; background_color_gradient_stops=&#8221;rgba(34,34,34,0.83) 1%|rgba(34,34,34,0.78) 100%&#8221; background_color_gradient_overlays_image=&#8221;on&#8221; background_image=&#8221;https:\/\/gtss.ie\/wp-content\/uploads\/2020\/05\/safety-training-ireland-online-courses-global-training-solutions-dublin.jpg&#8221; background_position=&#8221;bottom_center&#8221; custom_padding=&#8221;0px||0px||true|false&#8221; global_colors_info=&#8221;{}&#8221;][et_pb_row _builder_version=&#8221;4.27.0&#8243; background_enable_color=&#8221;off&#8221; width_last_edited=&#8221;off|desktop&#8221; custom_padding=&#8221;10vw||10vw||true|false&#8221; locked=&#8221;off&#8221; global_colors_info=&#8221;{}&#8221;][et_pb_column type=&#8221;4_4&#8243; _builder_version=&#8221;4.16&#8243; global_colors_info=&#8221;{}&#8221; custom_padding__hover=&#8221;|||&#8221;][et_pb_text _builder_version=&#8221;4.27.0&#8243; _module_preset=&#8221;e36c9a69-1259-4ea8-a362-5c7382530f1a&#8221; header_2_text_align=&#8221;center&#8221; header_3_font=&#8221;||||||||&#8221; text_orientation=&#8221;center&#8221; background_layout=&#8221;dark&#8221; max_width=&#8221;60%&#8221; max_width_tablet=&#8221;85%&#8221; max_width_phone=&#8221;90%&#8221; max_width_last_edited=&#8221;on|desktop&#8221; locked=&#8221;off&#8221; global_colors_info=&#8221;{}&#8221;]<\/p>\n<h2>Misiunea noastr\u0103 la Global Training Solutions<\/h2>\n<p><span>\u201eGlobal Training Solutions este o companie de training creat\u0103 de profesioni\u0219ti din industrie, cu o pasiune pentru instruire \u0219i consultan\u021b\u0103 \u00een materie de siguran\u021b\u0103. Ne pas\u0103 de s\u0103n\u0103tatea \u0219i securitatea la locul de munc\u0103.\u201d<\/span><\/p>\n<p>[\/et_pb_text][\/et_pb_column][\/et_pb_row][\/et_pb_section]<\/p>\n","protected":false},"excerpt":{"rendered":"<p>Consultan\u021b\u0103 pentru s\u0103n\u0103tate \u0219i siguran\u021b\u0103 Ob\u021bine\u021bi formare unic\u0103 \u00een materie de siguran\u021b\u0103 \u0219i consultan\u021b\u0103 \u00een materie de siguran\u021b\u0103 pentru afacerea dvs &nbsp; Instruire pentru s\u0103n\u0103tate \u0219i siguran\u021b\u0103 Suntem compania de training pe care o dori\u021bi, oferind toate nevoile dumneavoastr\u0103 de s\u0103n\u0103tate \u0219i siguran\u021b\u0103. Cu vaste cuno\u0219tin\u021be \u0219i experien\u021b\u0103 \u00een toate domeniile noastre de specialitate, avem [&hellip;]<\/p>\n","protected":false},"author":1,"featured_media":0,"parent":0,"menu_order":0,"comment_status":"closed","ping_status":"closed","template":"","meta":{"_acf_changed":false,"_et_pb_use_builder":"on","_et_pb_old_content":"","_et_gb_content_width":"","footnotes":""},"class_list":["post-137928","page","type-page","status-publish","hentry"],"acf":[],"_links":{"self":[{"href":"https:\/\/gtss.ie\/ro\/wp-json\/wp\/v2\/pages\/137928","targetHints":{"allow":["GET"]}}],"collection":[{"href":"https:\/\/gtss.ie\/ro\/wp-json\/wp\/v2\/pages"}],"about":[{"href":"https:\/\/gtss.ie\/ro\/wp-json\/wp\/v2\/types\/page"}],"author":[{"embeddable":true,"href":"https:\/\/gtss.ie\/ro\/wp-json\/wp\/v2\/users\/1"}],"replies":[{"embeddable":true,"href":"https:\/\/gtss.ie\/ro\/wp-json\/wp\/v2\/comments?post=137928"}],"version-history":[{"count":5,"href":"https:\/\/gtss.ie\/ro\/wp-json\/wp\/v2\/pages\/137928\/revisions"}],"predecessor-version":[{"id":152473,"href":"https:\/\/gtss.ie\/ro\/wp-json\/wp\/v2\/pages\/137928\/revisions\/152473"}],"wp:attachment":[{"href":"https:\/\/gtss.ie\/ro\/wp-json\/wp\/v2\/media?parent=137928"}],"curies":[{"name":"wp","href":"https:\/\/api.w.org\/{rel}","templated":true}]}}