{"id":137923,"date":"2020-05-22T02:28:26","date_gmt":"2020-05-22T01:28:26","guid":{"rendered":"https:\/\/gtss.ie\/training-de-siguranta-dublin-contact-gts\/"},"modified":"2024-08-15T06:47:04","modified_gmt":"2024-08-15T05:47:04","slug":"training-de-siguranta-dublin-contact-gts","status":"publish","type":"page","link":"https:\/\/gtss.ie\/ro\/training-de-siguranta-dublin-contact-gts\/","title":{"rendered":"a lua legatura"},"content":{"rendered":"<p>[et_pb_section fb_built=&#8221;1&#8243; _builder_version=&#8221;4.16&#8243; background_color_gradient_direction=&#8221;89deg&#8221; background_size=&#8221;contain&#8221; background_position=&#8221;bottom_center&#8221; max_width=&#8221;100%&#8221; module_alignment=&#8221;center&#8221; custom_margin=&#8221;||||true|false&#8221; custom_padding=&#8221;5vw||5vw||true|false&#8221; box_shadow_style=&#8221;preset3&#8243; global_colors_info=&#8221;{}&#8221;][et_pb_row column_structure=&#8221;1_2,1_2&#8243; use_custom_gutter=&#8221;on&#8221; gutter_width=&#8221;2&#8243; _builder_version=&#8221;4.27.0&#8243; global_colors_info=&#8221;{}&#8221;][et_pb_column type=&#8221;1_2&#8243; _builder_version=&#8221;4.16&#8243; custom_padding=&#8221;|0px||0px|false|false&#8221; global_colors_info=&#8221;{}&#8221;][et_pb_text _builder_version=&#8221;4.16&#8243; global_colors_info=&#8221;{}&#8221;]<\/p>\n<h1>Detalii de contact<\/h1>\n<h2>Contacta\u021bi-ne la Global Training Solutions<\/h2>\n<p>Suntem cel mai important furnizor de formare \u00een domeniul s\u0103n\u0103t\u0103\u021bii \u0219i siguran\u021bei Dublin, Irlanda. Oferim o mul\u021bime de cursuri \u0219i op\u021biuni de curs online pentru \u00eenv\u0103\u021barea la distan\u021b\u0103.<\/p>\n<p>[\/et_pb_text][et_pb_code _builder_version=&#8221;4.27.0&#8243; global_colors_info=&#8221;{}&#8221;]<form id=\"forminator-module-6781\" class=\"forminator-custom-form forminator-custom-form-6781\" method=\"post\" data-forminator-render=\"0\" data-uid=\"69f4387742ec1\"><div role=\"alert\" aria-live=\"polite\" class=\"forminator-response-message forminator-error\" aria-hidden=\"true\"><\/div><\/form>[\/et_pb_code][\/et_pb_column][et_pb_column type=&#8221;1_2&#8243; _builder_version=&#8221;4.16&#8243; global_colors_info=&#8221;{}&#8221;][et_pb_code _builder_version=&#8221;4.27.0&#8243; _module_preset=&#8221;default&#8221; module_alignment=&#8221;center&#8221; box_shadow_style=&#8221;preset1&#8243; box_shadow_blur=&#8221;5px&#8221; global_module=&#8221;152323&#8243; global_colors_info=&#8221;{}&#8221;]<iframe src=\"https:\/\/www.google.com\/maps\/embed?pb=!1m18!1m12!1m3!1d4757.686101306356!2d-6.3420559999999995!3d53.399747399999995!2m3!1f0!2f0!3f0!3m2!1i1024!2i768!4f13.1!3m3!1m2!1s0x4867128901dd49a7%3A0x7e7c41d2647fb74a!2sGlobal%20Training%20Solutions!5e0!3m2!1sen!2sie!4v1723101838237!5m2!1sen!2sie\" width=\"100%\" height=\"450\" style=\"border:0;\" allowfullscreen=\"\" loading=\"lazy\" referrerpolicy=\"no-referrer-when-downgrade\"><\/iframe>[\/et_pb_code][\/et_pb_column][\/et_pb_row][et_pb_row column_structure=&#8221;1_3,1_3,1_3&#8243; make_equal=&#8221;on&#8221; _builder_version=&#8221;4.16&#8243; width=&#8221;100%&#8221; max_width=&#8221;95%&#8221; module_alignment=&#8221;center&#8221; custom_margin=&#8221;||||false|false&#8221; custom_padding=&#8221;|||4vw|false|false&#8221; global_colors_info=&#8221;{}&#8221;][et_pb_column type=&#8221;1_3&#8243; _builder_version=&#8221;4.16&#8243; custom_padding=&#8221;|0px||0px|false|false&#8221; global_colors_info=&#8221;{}&#8221;][et_pb_blurb title=&#8221;Telefon:&#8221; use_icon=&#8221;on&#8221; font_icon=&#8221;&#xe090;||divi||400&#8243; icon_color=&#8221;#ffffff&#8221; image_icon_background_color=&#8221;#ed1c24&#8243; image_icon_width=&#8221;16px&#8221; _builder_version=&#8221;4.16&#8243; header_font_size=&#8221;2vw&#8221; image_icon_custom_padding=&#8221;8px|8px|8px|8px|false|false&#8221; custom_padding=&#8221;2vw||2vw||true|false&#8221; header_font_size_tablet=&#8221;4vw&#8221; header_font_size_phone=&#8221;6vw&#8221; header_font_size_last_edited=&#8221;on|phone&#8221; header_line_height_tablet=&#8221;4vw&#8221; header_line_height_phone=&#8221;6vw&#8221; header_line_height_last_edited=&#8221;on|desktop&#8221; body_font_size_tablet=&#8221;&#8221; body_font_size_phone=&#8221;&#8221; body_font_size_last_edited=&#8221;on|desktop&#8221; body_line_height_tablet=&#8221;3vw&#8221; body_line_height_phone=&#8221;5vw&#8221; body_line_height_last_edited=&#8221;on|tablet&#8221; border_radii_image=&#8221;on|100%|100%|100%|100%&#8221; use_circle=&#8221;on&#8221; global_colors_info=&#8221;{}&#8221; image_icon_background_color__sticky_enabled=&#8221;#ed1c24&#8243; image_icon_background_color__sticky=&#8221;#ed1c24&#8243;]<\/p>\n<p><a href=\"tel:+35316918834\" target=\"_blank\" rel=\"noopener noreferrer\" title=\"Telefon Global Training Solutions\">01 6918834<\/a><\/p>\n<p>[\/et_pb_blurb][\/et_pb_column][et_pb_column type=&#8221;1_3&#8243; _builder_version=&#8221;4.16&#8243; global_colors_info=&#8221;{}&#8221;][et_pb_blurb title=&#8221;E-mail&#8221; use_icon=&#8221;on&#8221; font_icon=&#8221;&#xe090;||divi||400&#8243; icon_color=&#8221;#ffffff&#8221; image_icon_background_color=&#8221;#ed1c24&#8243; image_icon_width=&#8221;16px&#8221; _builder_version=&#8221;4.27.0&#8243; header_font_size=&#8221;2vw&#8221; image_icon_custom_padding=&#8221;8px|8px|8px|8px|false|false&#8221; custom_padding=&#8221;2vw||2vw||true|false&#8221; header_font_size_tablet=&#8221;4vw&#8221; header_font_size_phone=&#8221;6vw&#8221; header_font_size_last_edited=&#8221;on|phone&#8221; header_line_height_tablet=&#8221;4vw&#8221; header_line_height_phone=&#8221;6vw&#8221; header_line_height_last_edited=&#8221;on|desktop&#8221; body_font_size_tablet=&#8221;&#8221; body_font_size_phone=&#8221;&#8221; body_font_size_last_edited=&#8221;on|desktop&#8221; body_line_height_tablet=&#8221;3vw&#8221; body_line_height_phone=&#8221;5vw&#8221; body_line_height_last_edited=&#8221;on|tablet&#8221; border_radii_image=&#8221;on|100%|100%|100%|100%&#8221; use_circle=&#8221;on&#8221; global_colors_info=&#8221;{}&#8221; image_icon_background_color__sticky_enabled=&#8221;#ed1c24&#8243; image_icon_background_color__sticky=&#8221;#ed1c24&#8243;]<\/p>\n<p><a href=\"mailto:info@gtss.ie\" target=\"_blank\" rel=\"noopener noreferrer\" title=\"Email Global Training Safety Solutions GTSS\">info@gtss.ie<\/a><\/p>\n<p>[\/et_pb_blurb][\/et_pb_column][et_pb_column type=&#8221;1_3&#8243; _builder_version=&#8221;4.16&#8243; global_colors_info=&#8221;{}&#8221;][et_pb_blurb title=&#8221;Abordare&#8221; use_icon=&#8221;on&#8221; font_icon=&#8221;&#xe090;||divi||400&#8243; icon_color=&#8221;#ffffff&#8221; image_icon_background_color=&#8221;#ed1c24&#8243; image_icon_width=&#8221;16px&#8221; _builder_version=&#8221;4.16&#8243; header_font_size=&#8221;2vw&#8221; image_icon_custom_padding=&#8221;8px|8px|8px|8px|false|false&#8221; custom_padding=&#8221;1vw||1vw||true|false&#8221; header_font_size_tablet=&#8221;4vw&#8221; header_font_size_phone=&#8221;6vw&#8221; header_font_size_last_edited=&#8221;on|phone&#8221; header_line_height_tablet=&#8221;4vw&#8221; header_line_height_phone=&#8221;6vw&#8221; header_line_height_last_edited=&#8221;on|desktop&#8221; body_font_size_tablet=&#8221;&#8221; body_font_size_phone=&#8221;&#8221; body_font_size_last_edited=&#8221;on|desktop&#8221; body_line_height_tablet=&#8221;3vw&#8221; body_line_height_phone=&#8221;5vw&#8221; body_line_height_last_edited=&#8221;on|tablet&#8221; border_radii_image=&#8221;on|100%|100%|100%|100%&#8221; use_circle=&#8221;on&#8221; global_colors_info=&#8221;{}&#8221; image_icon_background_color__sticky_enabled=&#8221;#ed1c24&#8243; image_icon_background_color__sticky=&#8221;#ed1c24&#8243;]<\/p>\n<p><a href=\"https:\/\/goo.gl\/maps\/n1LEX4Jfwkosy6Jj8\" target=\"_blank\" rel=\"noopener noreferrer\" title=\"Vizita\u021bi Global Training Solutions Google Maps\">Global Training Solutions,<\/a><br \/> <a href=\"https:\/\/goo.gl\/maps\/n1LEX4Jfwkosy6Jj8\" target=\"_blank\" rel=\"noopener noreferrer\" title=\"Vizita\u021bi Global Training Solutions Google Maps\"> Unitatea 6, Blocul 50,<\/a><br \/> <a href=\"https:\/\/goo.gl\/maps\/n1LEX4Jfwkosy6Jj8\" target=\"_blank\" rel=\"noopener noreferrer\" title=\"Vizita\u021bi Global Training Solutions Google Maps\"> Rosemount Business Park,<\/a><br \/> <a href=\"https:\/\/goo.gl\/maps\/n1LEX4Jfwkosy6Jj8\" target=\"_blank\" rel=\"noopener noreferrer\" title=\"Vizita\u021bi Global Training Solutions Google Maps\"> Dublin 11, D11 RT29.<\/a><\/p>\n<p>[\/et_pb_blurb][\/et_pb_column][\/et_pb_row][et_pb_row _builder_version=&#8221;4.27.0&#8243; _module_preset=&#8221;default&#8221;][et_pb_column _builder_version=&#8221;4.27.0&#8243; _module_preset=&#8221;default&#8221; type=&#8221;4_4&#8243;][et_pb_image src=&#8221;https:\/\/gtss.ie\/wp-content\/uploads\/2024\/08\/Google-Reviews.png&#8221; _builder_version=&#8221;4.27.0&#8243; _module_preset=&#8221;default&#8221; alt=&#8221;Google Reviews 5 star safety training centre Dublin Irlanda GTSS&#8221; title_text=&#8221;Google Reviews 5 star safety training centre Dublin Irlanda GTSS&#8221; url=&#8221;https:\/\/gtss.ie\/ro\/despre-global-training-solutions\/#reviews&#8221; hover_enabled=&#8221;0&#8243; sticky_enabled=&#8221;0&#8243;][\/et_pb_image][\/et_pb_column][\/et_pb_row][\/et_pb_section][et_pb_section fb_built=&#8221;1&#8243; admin_label=&#8221;Mission&#8221; _builder_version=&#8221;4.16&#8243; locked=&#8221;off&#8221; global_colors_info=&#8221;{}&#8221;][et_pb_row _builder_version=&#8221;4.16&#8243; global_colors_info=&#8221;{}&#8221;][et_pb_column type=&#8221;4_4&#8243; _builder_version=&#8221;4.16&#8243; global_colors_info=&#8221;{}&#8221;][et_pb_text _builder_version=&#8221;4.16&#8243; locked=&#8221;off&#8221; global_colors_info=&#8221;{}&#8221;]<\/p>\n<h2>\u0218tiri \u0219i actualiz\u0103ri<\/h2>\n<h3>Global Training Solutions &#8211; Training pentru s\u0103n\u0103tate \u0219i siguran\u021b\u0103 Dublin<\/h3>\n<p>[\/et_pb_text][\/et_pb_column][\/et_pb_row][et_pb_row column_structure=&#8221;1_3,1_3,1_3&#8243; _builder_version=&#8221;4.27.0&#8243; global_colors_info=&#8221;{}&#8221;][et_pb_column type=&#8221;1_3&#8243; _builder_version=&#8221;4.16&#8243; global_colors_info=&#8221;{}&#8221;][et_pb_blog_extras include_current_taxonomy=&#8221;off&#8221; posts_number=&#8221;10&#8243; include_categories=&#8221;1,107&#8243; blog_layout=&#8221;slider&#8221; slider_layout=&#8221;grid_extended&#8221; slides_per_view=&#8221;1&#8243; slides_per_view_tablet=&#8221;1&#8243; slides_per_view_phone=&#8221;1&#8243; slides_per_view_last_edited=&#8221;on|phone&#8221; _builder_version=&#8221;4.27.0&#8243; _module_preset=&#8221;default&#8221; global_colors_info=&#8221;{}&#8221;][\/et_pb_blog_extras][\/et_pb_column][et_pb_column type=&#8221;1_3&#8243; _builder_version=&#8221;4.16&#8243; global_colors_info=&#8221;{}&#8221;][et_pb_image src=&#8221;https:\/\/gtss.ie\/wp-content\/uploads\/2020\/05\/Calendar-graphic-book-online-today.png&#8221; alt=&#8221;Calendar de rezervare Dublin pentru instruire \u00een s\u0103n\u0103tate \u0219i siguran\u021b\u0103&#8221; title_text=&#8221;Calendar-grafic-carte-online-zi&#8221; _builder_version=&#8221;4.16&#8243; global_colors_info=&#8221;{}&#8221;][\/et_pb_image][\/et_pb_column][et_pb_column type=&#8221;1_3&#8243; _builder_version=&#8221;4.27.0&#8243; background_color=&#8221;#FFC547&#8243; custom_padding=&#8221;1vw||1vw||true|false&#8221; custom_padding_tablet=&#8221;3vw||3vw||true|false&#8221; custom_padding_phone=&#8221;5vw||5vw||true|false&#8221; custom_padding_last_edited=&#8221;on|phone&#8221; border_radii=&#8221;on|10px|10px|10px|10px&#8221; box_shadow_style=&#8221;preset1&#8243; box_shadow_blur=&#8221;5px&#8221; global_colors_info=&#8221;{}&#8221;][et_pb_text _builder_version=&#8221;4.27.0&#8243; header_2_text_align=&#8221;center&#8221; locked=&#8221;off&#8221; global_colors_info=&#8221;{}&#8221;]<\/p>\n<h2>Rezerva\u021bi online ast\u0103zi!<\/h2>\n<p>[\/et_pb_text][et_pb_button button_url=&#8221;#book-now&#8221; button_text=&#8221;Rezerv\u0103 un curs de formare online&#8221; module_id=&#8221;all-course-booking-list&#8221; _builder_version=&#8221;4.27.0&#8243; _module_preset=&#8221;c2290583-33ae-4fdb-9ca6-3c0b9d9e13ac&#8221; custom_margin=&#8221;||1vw||false|false&#8221; custom_margin_tablet=&#8221;||3vw||false|false&#8221; custom_margin_phone=&#8221;||8vw||false|false&#8221; custom_margin_last_edited=&#8221;on|phone&#8221; global_colors_info=&#8221;{}&#8221;][\/et_pb_button][et_pb_text _builder_version=&#8221;4.27.0&#8243; header_3_text_align=&#8221;center&#8221; locked=&#8221;off&#8221; global_colors_info=&#8221;{}&#8221;]<\/p>\n<h3>R\u0103sfoi\u021bi cursurile GTSS:<\/h3>\n<p>[\/et_pb_text][et_pb_button button_url=&#8221;@ET-DC@eyJkeW5hbWljIjp0cnVlLCJjb250ZW50IjoicG9zdF9saW5rX3VybF9wYWdlIiwic2V0dGluZ3MiOnsicG9zdF9pZCI6IjU4MDciLCJlbmFibGVfaHRtbCI6Im9mZiJ9fQ==@&#8221; button_text=&#8221;R\u0103sfoie\u0219te toate cursurile&#8221; button_alignment=&#8221;center&#8221; module_id=&#8221;all-course-booking-list&#8221; _builder_version=&#8221;4.27.0&#8243; _dynamic_attributes=&#8221;button_url&#8221; _module_preset=&#8221;40b6edff-3905-4c9c-bd85-9541945d26c4&#8243; button_bg_color=&#8221;#333333&#8243; global_colors_info=&#8221;{}&#8221; button_bg_color__hover_enabled=&#8221;on|hover&#8221; button_bg_color__hover=&#8221;#222222&#8243; button_bg_enable_color__hover=&#8221;on&#8221; button_border_color__hover=&#8221;#222222&#8243;][\/et_pb_button][\/et_pb_column][\/et_pb_row][\/et_pb_section][et_pb_section fb_built=&#8221;1&#8243; _builder_version=&#8221;4.27.0&#8243; _module_preset=&#8221;default&#8221; global_colors_info=&#8221;{}&#8221;][et_pb_row _builder_version=&#8221;4.27.0&#8243; _module_preset=&#8221;default&#8221; global_colors_info=&#8221;{}&#8221;][et_pb_column type=&#8221;4_4&#8243; _builder_version=&#8221;4.27.0&#8243; _module_preset=&#8221;default&#8221; global_colors_info=&#8221;{}&#8221;][divi_events_list_booking trigger=&#8221;all-course-booking-list&#8221; in_dialog=&#8221;on&#8221; _builder_version=&#8221;4.27.0&#8243; _module_preset=&#8221;default&#8221; global_colors_info=&#8221;{}&#8221;][\/divi_events_list_booking][\/et_pb_column][\/et_pb_row][\/et_pb_section]<\/p>\n","protected":false},"excerpt":{"rendered":"<p>Detalii de contact Contacta\u021bi-ne la Global Training Solutions Suntem cel mai important furnizor de formare \u00een domeniul s\u0103n\u0103t\u0103\u021bii \u0219i siguran\u021bei Dublin, Irlanda. Oferim o mul\u021bime de cursuri \u0219i op\u021biuni de curs online pentru \u00eenv\u0103\u021barea la distan\u021b\u0103.<form id=\"forminator-module-6781\" class=\"forminator-custom-form forminator-custom-form-6781\" method=\"post\" data-forminator-render=\"1\" data-uid=\"69f438777f41f\"><div role=\"alert\" aria-live=\"polite\" class=\"forminator-response-message forminator-error\" aria-hidden=\"true\"><\/div><\/form>01 6918834info@gtss.ieGlobal Training Solutions, Unitatea 6, Blocul 50, Rosemount Business Park, Dublin 11, D11 RT29.\u0218tiri \u0219i actualiz\u0103ri Global Training [&hellip;]<\/p>\n","protected":false},"author":1,"featured_media":137814,"parent":0,"menu_order":0,"comment_status":"closed","ping_status":"closed","template":"","meta":{"_acf_changed":false,"_et_pb_use_builder":"on","_et_pb_old_content":"","_et_gb_content_width":"","footnotes":""},"class_list":["post-137923","page","type-page","status-publish","has-post-thumbnail","hentry"],"acf":[],"_links":{"self":[{"href":"https:\/\/gtss.ie\/ro\/wp-json\/wp\/v2\/pages\/137923","targetHints":{"allow":["GET"]}}],"collection":[{"href":"https:\/\/gtss.ie\/ro\/wp-json\/wp\/v2\/pages"}],"about":[{"href":"https:\/\/gtss.ie\/ro\/wp-json\/wp\/v2\/types\/page"}],"author":[{"embeddable":true,"href":"https:\/\/gtss.ie\/ro\/wp-json\/wp\/v2\/users\/1"}],"replies":[{"embeddable":true,"href":"https:\/\/gtss.ie\/ro\/wp-json\/wp\/v2\/comments?post=137923"}],"version-history":[{"count":5,"href":"https:\/\/gtss.ie\/ro\/wp-json\/wp\/v2\/pages\/137923\/revisions"}],"predecessor-version":[{"id":152780,"href":"https:\/\/gtss.ie\/ro\/wp-json\/wp\/v2\/pages\/137923\/revisions\/152780"}],"wp:featuredmedia":[{"embeddable":true,"href":"https:\/\/gtss.ie\/ro\/wp-json\/wp\/v2\/media\/137814"}],"wp:attachment":[{"href":"https:\/\/gtss.ie\/ro\/wp-json\/wp\/v2\/media?parent=137923"}],"curies":[{"name":"wp","href":"https:\/\/api.w.org\/{rel}","templated":true}]}}