{"id":137894,"date":"2020-06-23T23:41:28","date_gmt":"2020-06-23T22:41:28","guid":{"rendered":"https:\/\/gtss.ie\/despre-global-training-solutions\/"},"modified":"2026-03-02T15:22:09","modified_gmt":"2026-03-02T15:22:09","slug":"despre-global-training-solutions","status":"publish","type":"page","link":"https:\/\/gtss.ie\/ro\/despre-global-training-solutions\/","title":{"rendered":"Despre"},"content":{"rendered":"<p>[et_pb_section fb_built=&#8221;1&#8243; _builder_version=&#8221;4.27.0&#8243; _module_preset=&#8221;default&#8221; global_colors_info=&#8221;{}&#8221;][et_pb_row _builder_version=&#8221;4.27.0&#8243; _module_preset=&#8221;default&#8221; global_colors_info=&#8221;{}&#8221;][et_pb_column type=&#8221;4_4&#8243; _builder_version=&#8221;4.27.0&#8243; _module_preset=&#8221;default&#8221; global_colors_info=&#8221;{}&#8221;][et_pb_text _builder_version=&#8221;4.27.0&#8243; _module_preset=&#8221;default&#8221; global_colors_info=&#8221;{}&#8221;]<\/p>\n<h1>Despre Global Training Safety Solutions GTSS<\/h1>\n<p>Suntem compania de training pe care o dori\u021bi, oferind toate nevoile dumneavoastr\u0103 de s\u0103n\u0103tate \u0219i siguran\u021b\u0103. Cu o vast\u0103 cunoa\u0219tere \u0219i experien\u021b\u0103 \u00een toate domeniile noastre de specialitate, avem solu\u021biile de formare \u0219i consultan\u021b\u0103 de care ave\u021bi nevoie. To\u021bi formatorii \u0219i consultan\u021bii no\u0219tri sunt ale\u0219i \u0219i instrui\u021bi la cele mai \u00eenalte standarde \u00een domeniile lor respectate. <\/p>\n<p><strong>\u201eNoi nu vorbim doar\u2026 mergem pe jos\u201d<\/strong><\/p>\n<p>Toate cursurile noastre se desf\u0103\u0219oar\u0103 la cele mai \u00eenalte standarde, fiind concepute \u00een func\u021bie de nevoile reale ale clien\u021bilor no\u0219tri, respect\u00e2nd \u0219i dep\u0103\u0219ind standardele de siguran\u021b\u0103 ale industriei. Serviciile noastre de consultan\u021b\u0103 includ multe aspecte, de la consilierea clien\u021bilor cu privire la cerin\u021bele lor legislative p\u00e2n\u0103 la asistarea acestora cu documenta\u021bia legal\u0103, cum ar fi declara\u021biile de securitate \u0219i evalu\u0103rile riscurilor. <\/p>\n<p>[\/et_pb_text][et_pb_image src=&#8221;https:\/\/gtss.ie\/wp-content\/uploads\/2024\/08\/Google-Reviews.png&#8221; alt=&#8221;Google Reviews 5 star safety training centre Dublin Irlanda GTSS&#8221; title_text=&#8221;Google Reviews 5 star safety training centre Dublin Irlanda GTSS&#8221; url=&#8221;#reviews&#8221; align=&#8221;left&#8221; align_tablet=&#8221;center&#8221; align_phone=&#8221;center&#8221; align_last_edited=&#8221;on|phone&#8221; _builder_version=&#8221;4.27.0&#8243; _module_preset=&#8221;default&#8221; global_colors_info=&#8221;{}&#8221;][\/et_pb_image][\/et_pb_column][\/et_pb_row][\/et_pb_section][et_pb_section fb_built=&#8221;1&#8243; _builder_version=&#8221;4.16&#8243; global_colors_info=&#8221;{}&#8221;][et_pb_row _builder_version=&#8221;4.27.0&#8243; custom_padding=&#8221;||0px||false|false&#8221; global_colors_info=&#8221;{}&#8221;][et_pb_column type=&#8221;4_4&#8243; _builder_version=&#8221;4.16&#8243; global_colors_info=&#8221;{}&#8221;][et_pb_text _builder_version=&#8221;4.16&#8243; locked=&#8221;off&#8221; global_colors_info=&#8221;{}&#8221;]<\/p>\n<h2>De ce s\u0103 ne alege\u021bi pentru antrenamentul dvs. de siguran\u021b\u0103&#8230;<\/h2>\n<p>[\/et_pb_text][\/et_pb_column][\/et_pb_row][et_pb_row column_structure=&#8221;1_3,1_3,1_3&#8243; use_custom_gutter=&#8221;on&#8221; gutter_width=&#8221;2&#8243; make_equal=&#8221;on&#8221; _builder_version=&#8221;4.16&#8243; width=&#8221;100%&#8221; max_width=&#8221;90%&#8221; global_colors_info=&#8221;{}&#8221;][et_pb_column type=&#8221;1_3&#8243; _builder_version=&#8221;4.16&#8243; global_colors_info=&#8221;{}&#8221;][et_pb_blurb title=&#8221;Cursuri online de siguran\u021b\u0103&#8221; use_icon=&#8221;on&#8221; font_icon=&#8221;&#xe60c;||divi||400&#8243; _builder_version=&#8221;4.27.0&#8243; _module_preset=&#8221;3349b5d6-b7f6-4eb8-9616-d2d18b278d60&#8243; global_colors_info=&#8221;{}&#8221;]<\/p>\n<p>Oferim o gam\u0103 larg\u0103 de cursuri de formare online certificate \u00een materie de siguran\u021b\u0103. Aceste cursuri v\u0103 permit s\u0103 \u00eenv\u0103\u021ba\u021bi \u00een propriul ritm de acas\u0103 sau de la locul dvs. de afaceri.<\/p>\n<p>[\/et_pb_blurb][\/et_pb_column][et_pb_column type=&#8221;1_3&#8243; _builder_version=&#8221;4.16&#8243; global_colors_info=&#8221;{}&#8221;][et_pb_blurb title=&#8221;Cursuri certificate de siguran\u021b\u0103&#8221; use_icon=&#8221;on&#8221; font_icon=&#8221;&#x52;||divi||400&#8243; _builder_version=&#8221;4.27.0&#8243; _module_preset=&#8221;3349b5d6-b7f6-4eb8-9616-d2d18b278d60&#8243; global_colors_info=&#8221;{}&#8221;]<\/p>\n<p>Echipa noastr\u0103 de instructori certifica\u021bi \u00een siguran\u021b\u0103 este gata s\u0103 v\u0103 ajute. Toate cursurile noastre sunt certificate GTS, iar unele au certificare suplimentar\u0103, de exemplu HSA, RoSPA<\/p>\n<p>[\/et_pb_blurb][\/et_pb_column][et_pb_column type=&#8221;1_3&#8243; _builder_version=&#8221;4.16&#8243; global_colors_info=&#8221;{}&#8221;][et_pb_blurb title=&#8221;Consultan\u021b\u0103 de specialitate \u00een siguran\u021b\u0103&#8221; use_icon=&#8221;on&#8221; font_icon=&#8221;&#x73;||divi||400&#8243; _builder_version=&#8221;4.27.0&#8243; _module_preset=&#8221;3349b5d6-b7f6-4eb8-9616-d2d18b278d60&#8243; global_colors_info=&#8221;{}&#8221;]<\/p>\n<p>Suntem aici pentru a v\u0103 ajuta s\u0103 \u00een\u021belege\u021bi importan\u021ba siguran\u021bei la locul de munc\u0103 \u0219i s\u0103 lua\u021bi m\u0103suri pentru a v\u0103 \u00eembun\u0103t\u0103\u021bi practicile de s\u0103n\u0103tate \u0219i siguran\u021b\u0103 la locul de munc\u0103.<\/p>\n<p>[\/et_pb_blurb][\/et_pb_column][\/et_pb_row][\/et_pb_section][et_pb_section fb_built=&#8221;1&#8243; _builder_version=&#8221;4.16&#8243; global_colors_info=&#8221;{}&#8221;][et_pb_row _builder_version=&#8221;4.16&#8243; global_colors_info=&#8221;{}&#8221;][et_pb_column type=&#8221;4_4&#8243; _builder_version=&#8221;4.16&#8243; global_colors_info=&#8221;{}&#8221;][et_pb_text _builder_version=&#8221;4.16&#8243; locked=&#8221;off&#8221; global_colors_info=&#8221;{}&#8221;]<\/p>\n<h2>Rezerva\u021bi-v\u0103 antrenamentul de siguran\u021b\u0103 ast\u0103zi:<\/h2>\n<p>R\u0103sfoi\u021bi directorul nostru de cursuri \u0219i calendarul viitor de formare pentru a g\u0103si un curs care se potrive\u0219te nevoilor dumneavoastr\u0103 de instruire \u00een materie de siguran\u021b\u0103. Avem peste 50 de cursuri din care s\u0103 alegem. Cursurile noastre sunt disponibile online, precum \u0219i \u00een birourile noastre din Dublin 15.<\/p>\n<p><span><\/span><\/p>\n<p>[\/et_pb_text][et_pb_button button_url=&#8221;@ET-DC@eyJkeW5hbWljIjp0cnVlLCJjb250ZW50IjoicG9zdF9saW5rX3VybF9wYWdlIiwic2V0dGluZ3MiOnsicG9zdF9pZCI6IjU4MDcifX0=@&#8221; button_text=&#8221;Rezerva\u021bi cursuri de siguran\u021b\u0103&#8221; _builder_version=&#8221;4.27.0&#8243; _dynamic_attributes=&#8221;button_url&#8221; _module_preset=&#8221;default&#8221; global_colors_info=&#8221;{}&#8221;][\/et_pb_button][et_pb_button button_url=&#8221;@ET-DC@eyJkeW5hbWljIjp0cnVlLCJjb250ZW50IjoicG9zdF9saW5rX3VybF9wYWdlIiwic2V0dGluZ3MiOnsicG9zdF9pZCI6IjY2OTEifX0=@&#8221; button_text=&#8221;Contacta\u021bi-ne&#8221; _builder_version=&#8221;4.27.0&#8243; _dynamic_attributes=&#8221;button_url&#8221; _module_preset=&#8221;default&#8221; button_bg_color=&#8221;#333333&#8243; global_colors_info=&#8221;{}&#8221; button_bg_color__hover=&#8221;#222222&#8243; button_bg_enable_color__hover=&#8221;on&#8221; button_border_color__hover=&#8221;#222222&#8243;][\/et_pb_button][\/et_pb_column][\/et_pb_row][\/et_pb_section]<\/p>\n","protected":false},"excerpt":{"rendered":"<p>Despre Global Training Safety Solutions GTSS Suntem compania de training pe care o dori\u021bi, oferind toate nevoile dumneavoastr\u0103 de s\u0103n\u0103tate \u0219i siguran\u021b\u0103. Cu o vast\u0103 cunoa\u0219tere \u0219i experien\u021b\u0103 \u00een toate domeniile noastre de specialitate, avem solu\u021biile de formare \u0219i consultan\u021b\u0103 de care ave\u021bi nevoie. To\u021bi formatorii \u0219i consultan\u021bii no\u0219tri sunt ale\u0219i \u0219i instrui\u021bi la cele [&hellip;]<\/p>\n","protected":false},"author":2,"featured_media":0,"parent":0,"menu_order":0,"comment_status":"closed","ping_status":"closed","template":"","meta":{"_acf_changed":false,"_et_pb_use_builder":"on","_et_pb_old_content":"","_et_gb_content_width":"","footnotes":""},"class_list":["post-137894","page","type-page","status-publish","hentry"],"acf":[],"_links":{"self":[{"href":"https:\/\/gtss.ie\/ro\/wp-json\/wp\/v2\/pages\/137894","targetHints":{"allow":["GET"]}}],"collection":[{"href":"https:\/\/gtss.ie\/ro\/wp-json\/wp\/v2\/pages"}],"about":[{"href":"https:\/\/gtss.ie\/ro\/wp-json\/wp\/v2\/types\/page"}],"author":[{"embeddable":true,"href":"https:\/\/gtss.ie\/ro\/wp-json\/wp\/v2\/users\/2"}],"replies":[{"embeddable":true,"href":"https:\/\/gtss.ie\/ro\/wp-json\/wp\/v2\/comments?post=137894"}],"version-history":[{"count":5,"href":"https:\/\/gtss.ie\/ro\/wp-json\/wp\/v2\/pages\/137894\/revisions"}],"predecessor-version":[{"id":156018,"href":"https:\/\/gtss.ie\/ro\/wp-json\/wp\/v2\/pages\/137894\/revisions\/156018"}],"wp:attachment":[{"href":"https:\/\/gtss.ie\/ro\/wp-json\/wp\/v2\/media?parent=137894"}],"curies":[{"name":"wp","href":"https:\/\/api.w.org\/{rel}","templated":true}]}}