{"id":137892,"date":"2020-08-10T16:33:22","date_gmt":"2020-08-10T15:33:22","guid":{"rendered":"https:\/\/gtss.ie\/multumesc-solutii-globale-de-instruire\/"},"modified":"2025-09-28T11:55:11","modified_gmt":"2025-09-28T10:55:11","slug":"multumesc-solutii-globale-de-instruire","status":"publish","type":"page","link":"https:\/\/gtss.ie\/ro\/multumesc-solutii-globale-de-instruire\/","title":{"rendered":"Multumesc | Solu\u021bii globale de instruire"},"content":{"rendered":"<p>[et_pb_section fb_built=&#8221;1&#8243; admin_label=&#8221;Process&#8221; _builder_version=&#8221;4.16&#8243; background_color=&#8221;#e02b20&#8243; background_color_gradient_direction=&#8221;308deg&#8221; locked=&#8221;off&#8221; global_colors_info=&#8221;{}&#8221;][et_pb_row _builder_version=&#8221;4.16&#8243; max_width=&#8221;90%&#8221; global_colors_info=&#8221;{}&#8221;][et_pb_column type=&#8221;4_4&#8243; _builder_version=&#8221;4.16&#8243; global_colors_info=&#8221;{}&#8221;][et_pb_text _builder_version=&#8221;4.27.4&#8243; text_font=&#8221;||||||||&#8221; text_font_size=&#8221;1.2vw&#8221; text_line_height=&#8221;2vw&#8221; header_text_color=&#8221;#ffffff&#8221; header_font_size=&#8221;5vw&#8221; header_line_height=&#8221;6vw&#8221; header_2_font=&#8221;|500|||||||&#8221; header_2_text_color=&#8221;#ffffff&#8221; header_2_font_size=&#8221;3vw&#8221; header_2_line_height=&#8221;6vw&#8221; header_3_font=&#8221;||||||||&#8221; header_3_font_size=&#8221;1.5vw&#8221; header_3_line_height=&#8221;3vw&#8221; text_orientation=&#8221;center&#8221; max_width=&#8221;90%&#8221; hover_enabled=&#8221;0&#8243; text_font_size_tablet=&#8221;3vw&#8221; text_font_size_phone=&#8221;5vw&#8221; text_line_height_tablet=&#8221;4vw&#8221; text_line_height_phone=&#8221;6.5vw&#8221; header_font_size_tablet=&#8221;5vw&#8221; header_font_size_phone=&#8221;9vw&#8221; header_line_height_phone=&#8221;11vw&#8221; header_2_font_size_tablet=&#8221;4vw&#8221; header_2_font_size_phone=&#8221;8vw&#8221; header_2_font_size_last_edited=&#8221;on|tablet&#8221; header_2_line_height_tablet=&#8221;7vw&#8221; header_2_line_height_phone=&#8221;10vw&#8221; header_2_line_height_last_edited=&#8221;on|desktop&#8221; header_3_font_size_tablet=&#8221;3vw&#8221; header_3_font_size_phone=&#8221;5vw&#8221; header_3_font_size_last_edited=&#8221;on|desktop&#8221; header_3_line_height_tablet=&#8221;5vw&#8221; header_3_line_height_phone=&#8221;8vw&#8221; locked=&#8221;off&#8221; global_colors_info=&#8221;{}&#8221; header_text_align=&#8221;center&#8221; header_2_text_align=&#8221;center&#8221; sticky_enabled=&#8221;0&#8243;]<\/p>\n<h1>Mul\u021bumesc<\/h1>\n<h2>Am primit cererea dvs<\/h2>\n<p>[\/et_pb_text][et_pb_text _builder_version=&#8221;4.16&#8243; text_font=&#8221;||||||||&#8221; text_text_color=&#8221;#ffffff&#8221; text_font_size=&#8221;1.2vw&#8221; text_line_height=&#8221;2vw&#8221; link_font=&#8221;||||on||||&#8221; link_text_color=&#8221;#ffffff&#8221; header_font_size=&#8221;40px&#8221; header_2_font=&#8221;|500|||||||&#8221; header_2_font_size=&#8221;3vw&#8221; header_2_line_height=&#8221;6vw&#8221; header_3_font=&#8221;||||||||&#8221; header_3_font_size=&#8221;1.5vw&#8221; header_3_line_height=&#8221;3vw&#8221; text_orientation=&#8221;center&#8221; max_width=&#8221;90%&#8221; text_font_size_tablet=&#8221;3vw&#8221; text_font_size_phone=&#8221;5vw&#8221; text_line_height_tablet=&#8221;4vw&#8221; text_line_height_phone=&#8221;6.5vw&#8221; header_2_font_size_tablet=&#8221;4vw&#8221; header_2_font_size_phone=&#8221;8vw&#8221; header_2_font_size_last_edited=&#8221;on|tablet&#8221; header_2_line_height_tablet=&#8221;7vw&#8221; header_2_line_height_phone=&#8221;10vw&#8221; header_2_line_height_last_edited=&#8221;on|desktop&#8221; header_3_font_size_tablet=&#8221;3vw&#8221; header_3_font_size_phone=&#8221;5vw&#8221; header_3_font_size_last_edited=&#8221;on|desktop&#8221; header_3_line_height_tablet=&#8221;5vw&#8221; header_3_line_height_phone=&#8221;8vw&#8221; locked=&#8221;off&#8221; global_colors_info=&#8221;{}&#8221;]<\/p>\n<p><span>Ve\u021bi primi \u00een cur\u00e2nd un e-mail pentru a verifica acest lucru. <\/span><span>\u00cencerc\u0103m s\u0103 r\u0103spundem la toate \u00eentreb\u0103rile \u00een termen de 24 de ore. <\/span><\/p>\n<p><span>\u00centre timp, v\u0103 rug\u0103m s\u0103 arunca\u021bi o privire la actualiz\u0103rile blogului nostru \u0219i la cursurile de instruire \u00een materie de siguran\u021b\u0103.<\/span><\/p>\n<p>[\/et_pb_text][\/et_pb_column][\/et_pb_row][\/et_pb_section][et_pb_section fb_built=&#8221;1&#8243; _builder_version=&#8221;4.16&#8243; global_colors_info=&#8221;{}&#8221;][et_pb_row _builder_version=&#8221;4.16&#8243; global_colors_info=&#8221;{}&#8221;][et_pb_column type=&#8221;4_4&#8243; _builder_version=&#8221;4.16&#8243; global_colors_info=&#8221;{}&#8221;][et_pb_text _builder_version=&#8221;4.27.4&#8243; text_font=&#8221;||||||||&#8221; text_font_size=&#8221;1.2vw&#8221; text_line_height=&#8221;2vw&#8221; header_font_size=&#8221;40px&#8221; header_2_font=&#8221;|500|||||||&#8221; header_2_font_size=&#8221;3vw&#8221; header_2_line_height=&#8221;6vw&#8221; header_3_font=&#8221;||||||||&#8221; header_3_font_size=&#8221;1.5vw&#8221; header_3_line_height=&#8221;3vw&#8221; text_orientation=&#8221;center&#8221; max_width=&#8221;90%&#8221; hover_enabled=&#8221;0&#8243; text_font_size_tablet=&#8221;3vw&#8221; text_font_size_phone=&#8221;5vw&#8221; text_line_height_tablet=&#8221;4vw&#8221; text_line_height_phone=&#8221;6.5vw&#8221; header_2_font_size_tablet=&#8221;4vw&#8221; header_2_font_size_phone=&#8221;8vw&#8221; header_2_font_size_last_edited=&#8221;on|tablet&#8221; header_2_line_height_tablet=&#8221;7vw&#8221; header_2_line_height_phone=&#8221;10vw&#8221; header_2_line_height_last_edited=&#8221;on|desktop&#8221; header_3_font_size_tablet=&#8221;3vw&#8221; header_3_font_size_phone=&#8221;5vw&#8221; header_3_font_size_last_edited=&#8221;on|desktop&#8221; header_3_line_height_tablet=&#8221;5vw&#8221; header_3_line_height_phone=&#8221;8vw&#8221; locked=&#8221;off&#8221; global_colors_info=&#8221;{}&#8221; header_2_text_align=&#8221;center&#8221; sticky_enabled=&#8221;0&#8243;]<\/p>\n<h2>Rezerva\u021bi-v\u0103 antrenamentul de siguran\u021b\u0103 ast\u0103zi:<\/h2>\n<p>R\u0103sfoi\u021bi directorul nostru de cursuri \u0219i calendarul viitor de formare pentru a g\u0103si un curs care se potrive\u0219te nevoilor dumneavoastr\u0103 de instruire \u00een materie de siguran\u021b\u0103. Avem peste 50 de cursuri din care s\u0103 alegem. Cursurile noastre sunt disponibile online, precum \u0219i \u00een birourile noastre din Dublin 15. Toate cursurile pot fi rezervate online ast\u0103zi, f\u0103r\u0103 a fi necesar\u0103 plata p\u00e2n\u0103 la data de \u00eencepere a cursului.<\/p>\n<p><span><\/span><\/p>\n<p>[\/et_pb_text][et_pb_button button_url=&#8221;https:\/\/gtss.ie\/ro\/category\/cursuri\/&#8221; button_text=&#8221;R\u0103sfoi\u021bi cursurile de siguran\u021b\u0103&#8221; button_alignment=&#8221;center&#8221; _builder_version=&#8221;4.27.4&#8243; button_text_size=&#8221;1.2vw&#8221; button_text_color=&#8221;#ffffff&#8221; button_bg_color=&#8221;#e02b20&#8243; button_border_width=&#8221;0px&#8221; button_letter_spacing=&#8221;1px&#8221; button_font=&#8221;|600||on|||||&#8221; button_icon=&#8221;%%190%%&#8221; button_on_hover=&#8221;off&#8221; custom_padding=&#8221;1vw|3vw|1vw|2vw|true|false&#8221; custom_padding_tablet=&#8221;1vw|10vw|1vw|4vw|true|false&#8221; custom_padding_phone=&#8221;3vw|11vw|3vw|5vw|true|false&#8221; custom_padding_last_edited=&#8221;on|phone&#8221; hover_enabled=&#8221;0&#8243; button_text_size_tablet=&#8221;3vw&#8221; button_text_size_phone=&#8221;5vw&#8221; box_shadow_color=&#8221;rgba(150,150,150,0.24)&#8221; locked=&#8221;off&#8221; global_colors_info=&#8221;{}&#8221; sticky_enabled=&#8221;0&#8243;][\/et_pb_button][et_pb_button button_url=&#8221;@ET-DC@eyJkeW5hbWljIjp0cnVlLCJjb250ZW50IjoicG9zdF9saW5rX3VybF9wYWdlIiwic2V0dGluZ3MiOnsicG9zdF9pZCI6IjY2OTEifX0=@&#8221; button_text=&#8221;Contacteaz\u0103-ne&#8221; button_alignment=&#8221;center&#8221; _builder_version=&#8221;4.27.4&#8243; _dynamic_attributes=&#8221;button_url&#8221; button_text_size=&#8221;1.2vw&#8221; button_text_color=&#8221;#ffffff&#8221; button_bg_color=&#8221;#e02b20&#8243; button_border_width=&#8221;0px&#8221; button_letter_spacing=&#8221;1px&#8221; button_font=&#8221;|600||on|||||&#8221; button_icon=&#8221;%%190%%&#8221; button_on_hover=&#8221;off&#8221; custom_padding=&#8221;1vw|3vw|1vw|2vw|true|false&#8221; custom_padding_tablet=&#8221;1vw|10vw|1vw|4vw|true|false&#8221; custom_padding_phone=&#8221;3vw|11vw|3vw|5vw|true|false&#8221; custom_padding_last_edited=&#8221;on|phone&#8221; hover_enabled=&#8221;0&#8243; button_text_size_tablet=&#8221;3vw&#8221; button_text_size_phone=&#8221;5vw&#8221; box_shadow_color=&#8221;rgba(150,150,150,0.24)&#8221; locked=&#8221;off&#8221; global_colors_info=&#8221;{}&#8221; sticky_enabled=&#8221;0&#8243;][\/et_pb_button][divi_events_list_booking _builder_version=&#8221;4.27.4&#8243; _module_preset=&#8221;default&#8221; booking_params=&#8221;off&#8221; hover_enabled=&#8221;0&#8243; sticky_enabled=&#8221;0&#8243;][\/divi_events_list_booking][\/et_pb_column][\/et_pb_row][\/et_pb_section][et_pb_section fb_built=&#8221;1&#8243; custom_padding_last_edited=&#8221;on|desktop&#8221; admin_label=&#8221;Mission&#8221; _builder_version=&#8221;4.16&#8243; width=&#8221;100%&#8221; max_width=&#8221;100%&#8221; custom_padding=&#8221;0vw||0vw||false|false&#8221; custom_padding_tablet=&#8221;&#8221; custom_padding_phone=&#8221;&#8221; locked=&#8221;off&#8221; global_colors_info=&#8221;{}&#8221; parallax_1__hover=&#8221;off&#8221; parallax_1__hover_enabled=&#8221;off&#8221; parallax_2__hover=&#8221;off&#8221; parallax_2__hover_enabled=&#8221;off&#8221; parallax_3__hover=&#8221;off&#8221; parallax_3__hover_enabled=&#8221;off&#8221; parallax_method_1__hover=&#8221;on&#8221; parallax_method_1__hover_enabled=&#8221;on&#8221; parallax_method_2__hover=&#8221;on&#8221; parallax_method_2__hover_enabled=&#8221;on&#8221; parallax_method_3__hover=&#8221;on&#8221; parallax_method_3__hover_enabled=&#8221;on&#8221;][et_pb_row _builder_version=&#8221;4.16&#8243; width=&#8221;100%&#8221; max_width=&#8221;98%&#8221; custom_margin=&#8221;||0px||false|false&#8221; custom_padding=&#8221;||0px||false|false&#8221; global_colors_info=&#8221;{}&#8221;][et_pb_column type=&#8221;4_4&#8243; _builder_version=&#8221;4.16&#8243; global_colors_info=&#8221;{}&#8221;][et_pb_text _builder_version=&#8221;4.27.4&#8243; text_font=&#8221;||||||||&#8221; text_font_size=&#8221;1.2vw&#8221; text_line_height=&#8221;2vw&#8221; header_font_size=&#8221;40px&#8221; header_2_font=&#8221;|500|||||||&#8221; header_2_font_size=&#8221;3vw&#8221; header_2_line_height=&#8221;3vw&#8221; header_3_font=&#8221;||||||||&#8221; header_3_font_size=&#8221;1.5vw&#8221; header_3_line_height=&#8221;3vw&#8221; text_orientation=&#8221;center&#8221; max_width=&#8221;90%&#8221; custom_margin=&#8221;||0px||false|false&#8221; custom_padding=&#8221;||0px||false|false&#8221; hover_enabled=&#8221;0&#8243; text_font_size_tablet=&#8221;3vw&#8221; text_font_size_phone=&#8221;5vw&#8221; text_line_height_tablet=&#8221;4vw&#8221; text_line_height_phone=&#8221;6.5vw&#8221; header_2_font_size_tablet=&#8221;4vw&#8221; header_2_font_size_phone=&#8221;8vw&#8221; header_2_font_size_last_edited=&#8221;on|tablet&#8221; header_2_line_height_tablet=&#8221;7vw&#8221; header_2_line_height_phone=&#8221;10vw&#8221; header_2_line_height_last_edited=&#8221;on|desktop&#8221; header_3_font_size_tablet=&#8221;3vw&#8221; header_3_font_size_phone=&#8221;5vw&#8221; header_3_font_size_last_edited=&#8221;on|desktop&#8221; header_3_line_height_tablet=&#8221;5vw&#8221; header_3_line_height_phone=&#8221;8vw&#8221; locked=&#8221;off&#8221; global_colors_info=&#8221;{}&#8221; sticky_enabled=&#8221;0&#8243;]<\/p>\n<h2>Ultimele nout\u0103\u021bi de la centrul nostru de formare<\/h2>\n<p>[\/et_pb_text][et_pb_blog fullwidth=&#8221;off&#8221; post_type=&#8221;tribe_events&#8221; posts_number=&#8221;3&#8243; show_more=&#8221;on&#8221; show_author=&#8221;off&#8221; _builder_version=&#8221;4.16&#8243; global_colors_info=&#8221;{}&#8221;][\/et_pb_blog][\/et_pb_column][\/et_pb_row][\/et_pb_section][et_pb_section fb_built=&#8221;1&#8243; _builder_version=&#8221;4.16&#8243; global_colors_info=&#8221;{}&#8221;][et_pb_row column_structure=&#8221;3_5,2_5&#8243; _builder_version=&#8221;4.16&#8243; max_width=&#8221;90%&#8221; global_colors_info=&#8221;{}&#8221;][et_pb_column type=&#8221;3_5&#8243; _builder_version=&#8221;4.16&#8243; global_colors_info=&#8221;{}&#8221;][et_pb_text _builder_version=&#8221;4.16&#8243; text_font=&#8221;||||||||&#8221; text_font_size=&#8221;1.2vw&#8221; text_line_height=&#8221;2vw&#8221; header_font_size=&#8221;40px&#8221; header_2_font=&#8221;|500|||||||&#8221; header_2_font_size=&#8221;3vw&#8221; header_2_line_height=&#8221;6vw&#8221; header_3_font=&#8221;||||||||&#8221; header_3_font_size=&#8221;1.5vw&#8221; header_3_line_height=&#8221;3vw&#8221; text_orientation=&#8221;center&#8221; max_width=&#8221;90%&#8221; text_font_size_tablet=&#8221;3vw&#8221; text_font_size_phone=&#8221;5vw&#8221; text_line_height_tablet=&#8221;4vw&#8221; text_line_height_phone=&#8221;6.5vw&#8221; header_2_font_size_tablet=&#8221;4vw&#8221; header_2_font_size_phone=&#8221;8vw&#8221; header_2_font_size_last_edited=&#8221;on|tablet&#8221; header_2_line_height_tablet=&#8221;7vw&#8221; header_2_line_height_phone=&#8221;10vw&#8221; header_2_line_height_last_edited=&#8221;on|desktop&#8221; header_3_font_size_tablet=&#8221;3vw&#8221; header_3_font_size_phone=&#8221;5vw&#8221; header_3_font_size_last_edited=&#8221;on|desktop&#8221; header_3_line_height_tablet=&#8221;5vw&#8221; header_3_line_height_phone=&#8221;8vw&#8221; locked=&#8221;off&#8221; global_colors_info=&#8221;{}&#8221;]<\/p>\n<h2>Recenzii Google<\/h2>\n<p>[\/et_pb_text][et_pb_code _builder_version=&#8221;4.16&#8243; text_orientation=&#8221;left&#8221; global_colors_info=&#8221;{}&#8221;][\/et_pb_code][\/et_pb_column][et_pb_column type=&#8221;2_5&#8243; _builder_version=&#8221;4.16&#8243; global_colors_info=&#8221;{}&#8221;][et_pb_text _builder_version=&#8221;4.16&#8243; text_font=&#8221;||||||||&#8221; text_font_size=&#8221;1.2vw&#8221; text_line_height=&#8221;2vw&#8221; header_font_size=&#8221;40px&#8221; header_2_font=&#8221;|500|||||||&#8221; header_2_font_size=&#8221;3vw&#8221; header_2_line_height=&#8221;6vw&#8221; header_3_font=&#8221;||||||||&#8221; header_3_font_size=&#8221;1.5vw&#8221; header_3_line_height=&#8221;3vw&#8221; text_orientation=&#8221;center&#8221; max_width=&#8221;90%&#8221; text_font_size_tablet=&#8221;3vw&#8221; text_font_size_phone=&#8221;5vw&#8221; text_line_height_tablet=&#8221;4vw&#8221; text_line_height_phone=&#8221;6.5vw&#8221; header_2_font_size_tablet=&#8221;4vw&#8221; header_2_font_size_phone=&#8221;8vw&#8221; header_2_font_size_last_edited=&#8221;on|tablet&#8221; header_2_line_height_tablet=&#8221;7vw&#8221; header_2_line_height_phone=&#8221;10vw&#8221; header_2_line_height_last_edited=&#8221;on|desktop&#8221; header_3_font_size_tablet=&#8221;3vw&#8221; header_3_font_size_phone=&#8221;5vw&#8221; header_3_font_size_last_edited=&#8221;on|desktop&#8221; header_3_line_height_tablet=&#8221;5vw&#8221; header_3_line_height_phone=&#8221;8vw&#8221; locked=&#8221;off&#8221; global_colors_info=&#8221;{}&#8221;]<\/p>\n<h2>Feed Facebook<\/h2>\n<p>[\/et_pb_text][et_pb_code _builder_version=&#8221;4.16&#8243; text_orientation=&#8221;center&#8221; global_colors_info=&#8221;{}&#8221;]<iframe loading=\"lazy\" src=\"https:\/\/www.facebook.com\/plugins\/page.php?href=https%3A%2F%2Fwww.facebook.com%2Fpages%2Fcategory%2FConsulting-Agency%2FGlobal-Training-Solutions-1094597193920627%2F&amp;tabs=timeline&amp;width=340&amp;height=800&amp;small_header=false&amp;adapt_container_width=true&amp;hide_cover=false&amp;show_facepile=true&amp;appId\" width=\"340\" height=\"600\" style=\"border:none;overflow:hidden\" scrolling=\"no\" frameborder=\"0\" allowtransparency=\"true\" allow=\"encrypted-media\"><\/iframe>[\/et_pb_code][\/et_pb_column][\/et_pb_row][\/et_pb_section]<\/p>\n","protected":false},"excerpt":{"rendered":"<p>Mul\u021bumesc Am primit cererea dvsVe\u021bi primi \u00een cur\u00e2nd un e-mail pentru a verifica acest lucru. \u00cencerc\u0103m s\u0103 r\u0103spundem la toate \u00eentreb\u0103rile \u00een termen de 24 de ore. \u00centre timp, v\u0103 rug\u0103m s\u0103 arunca\u021bi o privire la actualiz\u0103rile blogului nostru \u0219i la cursurile de instruire \u00een materie de siguran\u021b\u0103.Rezerva\u021bi-v\u0103 antrenamentul de siguran\u021b\u0103 ast\u0103zi: R\u0103sfoi\u021bi directorul nostru [&hellip;]<\/p>\n","protected":false},"author":1,"featured_media":0,"parent":0,"menu_order":0,"comment_status":"closed","ping_status":"closed","template":"","meta":{"_acf_changed":false,"_et_pb_use_builder":"on","_et_pb_old_content":"","_et_gb_content_width":"","footnotes":""},"class_list":["post-137892","page","type-page","status-publish","hentry"],"acf":[],"_links":{"self":[{"href":"https:\/\/gtss.ie\/ro\/wp-json\/wp\/v2\/pages\/137892","targetHints":{"allow":["GET"]}}],"collection":[{"href":"https:\/\/gtss.ie\/ro\/wp-json\/wp\/v2\/pages"}],"about":[{"href":"https:\/\/gtss.ie\/ro\/wp-json\/wp\/v2\/types\/page"}],"author":[{"embeddable":true,"href":"https:\/\/gtss.ie\/ro\/wp-json\/wp\/v2\/users\/1"}],"replies":[{"embeddable":true,"href":"https:\/\/gtss.ie\/ro\/wp-json\/wp\/v2\/comments?post=137892"}],"version-history":[{"count":5,"href":"https:\/\/gtss.ie\/ro\/wp-json\/wp\/v2\/pages\/137892\/revisions"}],"predecessor-version":[{"id":155480,"href":"https:\/\/gtss.ie\/ro\/wp-json\/wp\/v2\/pages\/137892\/revisions\/155480"}],"wp:attachment":[{"href":"https:\/\/gtss.ie\/ro\/wp-json\/wp\/v2\/media?parent=137892"}],"curies":[{"name":"wp","href":"https:\/\/api.w.org\/{rel}","templated":true}]}}