{"id":137889,"date":"2020-05-12T08:09:02","date_gmt":"2020-05-12T07:09:02","guid":{"rendered":"https:\/\/gtss.ie\/cursuri-viitoare-solutii-globale-de-formare-dublin\/"},"modified":"2024-08-15T15:35:35","modified_gmt":"2024-08-15T14:35:35","slug":"cursuri-viitoare-solutii-globale-de-formare-dublin","status":"publish","type":"page","link":"https:\/\/gtss.ie\/ro\/instruire-pentru-sanatate-si-siguranta-solutii-globale-de-instruire\/cursuri-viitoare-solutii-globale-de-formare-dublin\/","title":{"rendered":"Rezerva\u021bi curs online"},"content":{"rendered":"<p>[et_pb_section fb_built=&#8221;1&#8243; admin_label=&#8221;Section&#8221; _builder_version=&#8221;4.16&#8243; background_color_gradient_direction=&#8221;89deg&#8221; background_size=&#8221;contain&#8221; background_position=&#8221;bottom_center&#8221; max_width=&#8221;100%&#8221; module_alignment=&#8221;center&#8221; custom_margin=&#8221;||||true|false&#8221; custom_padding=&#8221;5vw||5vw||false|false&#8221; box_shadow_style=&#8221;preset3&#8243; global_colors_info=&#8221;{}&#8221;][et_pb_row column_structure=&#8221;1_2,1_2&#8243; _builder_version=&#8221;4.16&#8243; global_colors_info=&#8221;{}&#8221;][et_pb_column type=&#8221;1_2&#8243; _builder_version=&#8221;4.16&#8243; global_colors_info=&#8221;{}&#8221;][et_pb_text _builder_version=&#8221;4.27.0&#8243; text_font_size=&#8221;1.5vw&#8221; text_line_height=&#8221;1.5vw&#8221; header_font=&#8221;|600|||||||&#8221; header_line_height=&#8221;4vw&#8221; header_2_font=&#8221;|300|||||||&#8221; header_2_text_color=&#8221;#e02b20&#8243; header_2_font_size=&#8221;1.8vw&#8221; header_2_line_height=&#8221;2.5vw&#8221; text_orientation=&#8221;center&#8221; custom_margin=&#8221;||0px||false|false&#8221; custom_padding=&#8221;||0px||false|false&#8221; header_font_size_tablet=&#8221;5.2vw&#8221; header_line_height_tablet=&#8221;&#8221; header_line_height_phone=&#8221;12vw&#8221; header_line_height_last_edited=&#8221;on|phone&#8221; header_2_font_size_tablet=&#8221;3vw&#8221; header_2_font_size_phone=&#8221;6vw&#8221; header_2_line_height_tablet=&#8221;4vw&#8221; header_2_line_height_phone=&#8221;7.5vw&#8221; header_2_line_height_last_edited=&#8221;on|phone&#8221; global_colors_info=&#8221;{}&#8221;]<\/p>\n<h1>Rezerva\u021bi cursuri de siguran\u021b\u0103 la Global Training Solutions GTSS<\/h1>\n<h2>Oferim o gam\u0103 larg\u0103 de cursuri, dintre care multe pot fi rezervate online. Op\u021biunile de formare la fa\u021ba locului sunt de asemenea disponibile la cerere.<\/h2>\n<p>&nbsp;<\/p>\n<p>[\/et_pb_text][et_pb_button button_url=&#8221;#upcoming-safety-course-dublin&#8221; button_text=&#8221;Cursuri viitoare&#8221; button_alignment=&#8221;left&#8221; button_alignment_phone=&#8221;center&#8221; _builder_version=&#8221;4.27.0&#8243; _module_preset=&#8221;c2290583-33ae-4fdb-9ca6-3c0b9d9e13ac&#8221; locked=&#8221;off&#8221; global_colors_info=&#8221;{}&#8221;][\/et_pb_button][et_pb_button button_url=&#8221;#course-options&#8221; button_text=&#8221;Op\u021biuni de curs \/ Info&#8221; button_alignment_phone=&#8221;center&#8221; _builder_version=&#8221;4.27.0&#8243; _module_preset=&#8221;default&#8221; button_bg_color=&#8221;#333333&#8243; locked=&#8221;off&#8221; global_colors_info=&#8221;{}&#8221; button_bg_color__hover_enabled=&#8221;on|hover&#8221; button_bg_color__hover=&#8221;#222222&#8243; button_bg_enable_color__hover=&#8221;on&#8221; button_border_color__hover=&#8221;#222222&#8243;][\/et_pb_button][\/et_pb_column][et_pb_column type=&#8221;1_2&#8243; _builder_version=&#8221;4.16&#8243; global_colors_info=&#8221;{}&#8221;][et_pb_image src=&#8221;https:\/\/gtss.ie\/wp-content\/uploads\/2020\/05\/Calendar-graphic-book-online-today.png&#8221; alt=&#8221;Calendar-grafic-carte-online-zi&#8221; title_text=&#8221;Calendar-grafic-carte-online-zi&#8221; _builder_version=&#8221;4.27.0&#8243; box_shadow_style=&#8221;none&#8221; global_colors_info=&#8221;{}&#8221;][\/et_pb_image][\/et_pb_column][\/et_pb_row][\/et_pb_section][et_pb_section fb_built=&#8221;1&#8243; module_id=&#8221;viitor-curs de siguran\u021b\u0103-dublin&#8221; _builder_version=&#8221;4.27.0&#8243; global_colors_info=&#8221;{}&#8221;][et_pb_row _builder_version=&#8221;4.16&#8243; background_size=&#8221;initial&#8221; background_position=&#8221;top_left&#8221; background_repeat=&#8221;repeat&#8221; global_colors_info=&#8221;{}&#8221;][et_pb_column type=&#8221;4_4&#8243; _builder_version=&#8221;4.16&#8243; custom_padding=&#8221;|||&#8221; global_colors_info=&#8221;{}&#8221; custom_padding__hover=&#8221;|||&#8221;][et_pb_text _builder_version=&#8221;4.27.0&#8243; _module_preset=&#8221;default&#8221; header_2_text_align=&#8221;center&#8221; global_colors_info=&#8221;{}&#8221;]<\/p>\n<h2>Rezerva\u021bi cursuri de formare \u00een domeniul siguran\u021bei la GTSS<\/h2>\n<p>[\/et_pb_text][et_pb_button button_url=&#8221;#course-options&#8221; button_text=&#8221;Op\u021biuni de curs \/ Info&#8221; button_alignment=&#8221;center&#8221; button_alignment_phone=&#8221;center&#8221; _builder_version=&#8221;4.27.0&#8243; _module_preset=&#8221;default&#8221; button_bg_color=&#8221;#333333&#8243; custom_margin=&#8221;||0vw||false|false&#8221; custom_margin_tablet=&#8221;||0vw||false|false&#8221; custom_margin_phone=&#8221;||1vw||false|false&#8221; locked=&#8221;off&#8221; global_colors_info=&#8221;{}&#8221; button_bg_color__hover_enabled=&#8221;on|hover&#8221; button_bg_color__hover=&#8221;#222222&#8243; button_bg_enable_color__hover=&#8221;on&#8221; button_border_color__hover=&#8221;#222222&#8243;][\/et_pb_button][et_pb_text _builder_version=&#8221;4.27.0&#8243; _module_preset=&#8221;default&#8221; text_font_size=&#8221;1vw&#8221; text_orientation=&#8221;center&#8221; custom_padding=&#8221;0px||||false|false&#8221; global_colors_info=&#8221;{}&#8221;]<\/p>\n<p>sau r\u0103sfoi\u021bi cursurile noastre aici<\/p>\n<p>[\/et_pb_text][divi_events_list_booking _builder_version=&#8221;4.27.0&#8243; _module_preset=&#8221;default&#8221; global_colors_info=&#8221;{}&#8221;][\/divi_events_list_booking][\/et_pb_column][\/et_pb_row][\/et_pb_section][et_pb_section fb_built=&#8221;1&#8243; module_id=&#8221;op\u021biuni de curs&#8221; _builder_version=&#8221;4.27.0&#8243; _module_preset=&#8221;default&#8221; global_colors_info=&#8221;{}&#8221;][et_pb_row _builder_version=&#8221;4.27.0&#8243; _module_preset=&#8221;default&#8221; global_colors_info=&#8221;{}&#8221;][et_pb_column type=&#8221;4_4&#8243; _builder_version=&#8221;4.27.0&#8243; _module_preset=&#8221;default&#8221; global_colors_info=&#8221;{}&#8221;][et_pb_text _builder_version=&#8221;4.27.0&#8243; _module_preset=&#8221;default&#8221; header_2_text_align=&#8221;center&#8221; global_colors_info=&#8221;{}&#8221;]<\/p>\n<h2>Parcurge\u021bi cursurile noastre de formare \u00een domeniul siguran\u021bei la GTSS<\/h2>\n<p>[\/et_pb_text][et_pb_blog_extras include_current_taxonomy=&#8221;off&#8221; posts_number=&#8221;100&#8243; include_categories=&#8221;107&#8243; blog_layout=&#8221;vertical_grid&#8221; masonry_columns=&#8221;4&#8243; use_manual_excerpt=&#8221;off&#8221; excerpt_length=&#8221;0&#8243; masonry_columns_tablet=&#8221;2&#8243; masonry_columns_phone=&#8221;1&#8243; masonry_columns_last_edited=&#8221;on|phone&#8221; column_spacing_tablet=&#8221;&#8221; column_spacing_phone=&#8221;&#8221; column_spacing_last_edited=&#8221;on|desktop&#8221; _builder_version=&#8221;4.27.0&#8243; _module_preset=&#8221;default&#8221; header_text_align=&#8221;center&#8221; read_more_alignment=&#8221;center&#8221; custom_margin=&#8221;10px||10px||true|false&#8221; hover_enabled=&#8221;0&#8243; global_colors_info=&#8221;{}&#8221; sticky_enabled=&#8221;0&#8243;][\/et_pb_blog_extras][\/et_pb_column][\/et_pb_row][\/et_pb_section]<\/p>\n","protected":false},"excerpt":{"rendered":"<p>Rezerva\u021bi cursuri de siguran\u021b\u0103 la Global Training Solutions GTSS Oferim o gam\u0103 larg\u0103 de cursuri, dintre care multe pot fi rezervate online. Op\u021biunile de formare la fa\u021ba locului sunt de asemenea disponibile la cerere. &nbsp;Rezerva\u021bi cursuri de formare \u00een domeniul siguran\u021bei la GTSSsau r\u0103sfoi\u021bi cursurile noastre aici<div class=\"et_pb_module divi_events_list_booking divi_events_list_booking_0\">\n\t\t\t\t\n\t\t\t\t\n\t\t\t\t\n\t\t\t\t\n\t\t\t\t\n\t\t\t\t\n\t\t\t\t<div class=\"et_pb_module_inner\">\n\t\t\t\t\t<script>\n  if (typeof hasAmeliaEvent === 'undefined') {\n    var hasAmeliaEvent = true;\n  }\n  if (typeof hasEventApiCall === 'undefined' && ('' === '' && '' !== '1')) {\n    var hasEventApiCall = true;\n  }\n  var hasEventShortcode = (typeof hasEventShortcode === 'undefined') ? false : true;\n  var ameliaShortcodeData = (typeof ameliaShortcodeData === 'undefined') ? [] : ameliaShortcodeData;\n  ameliaShortcodeData.push(\n    {\n      'hasApiCall': (typeof hasEventApiCall !== 'undefined') && hasEventApiCall,\n      'trigger': '',\n      'trigger_type': '',\n      'triggered_form': 'elf',\n      'in_dialog': '',\n      'counter': '1000',\n      'employee': '',\n      'eventId': '',\n      'eventRecurring': 0,\n      'eventTag': \"\",\n      'locationId': \"\",\n      'range': \"\"\n    }\n  );\n  var ameliaShortcodeDataTriggered = (typeof ameliaShortcodeDataTriggered === 'undefined') ? [] : ameliaShortcodeDataTriggered;\n  if (ameliaShortcodeData[ameliaShortcodeData.length - 1].trigger !== '') {\n    if (ameliaShortcodeDataTriggered.filter(a => a.counter === ameliaShortcodeData[ameliaShortcodeData.length - 1].counter).length === 0) {\n      ameliaShortcodeDataTriggered.push(ameliaShortcodeData.pop());\n    } else {\n      ameliaShortcodeData.pop()\n    }\n  }\n  if (typeof hasEventApiCall !== 'undefined' && hasEventApiCall) {\n    hasEventApiCall = false;\n  }\n<\/script>\n\n<div\n  id=\"amelia-v2-booking-1000\"\n  class=\"amelia-v2-booking\"\n>\n    <events-list-form-wrapper><\/div>\n\n\t\t\t\t<\/div>\n\t\t\t<\/div>Parcurge\u021bi cursurile noastre de formare \u00een [&hellip;]<\/p>\n","protected":false},"author":1,"featured_media":0,"parent":137908,"menu_order":0,"comment_status":"closed","ping_status":"closed","template":"","meta":{"_acf_changed":false,"_et_pb_use_builder":"on","_et_pb_old_content":"","_et_gb_content_width":"","footnotes":""},"class_list":["post-137889","page","type-page","status-publish","hentry"],"acf":[],"_links":{"self":[{"href":"https:\/\/gtss.ie\/ro\/wp-json\/wp\/v2\/pages\/137889","targetHints":{"allow":["GET"]}}],"collection":[{"href":"https:\/\/gtss.ie\/ro\/wp-json\/wp\/v2\/pages"}],"about":[{"href":"https:\/\/gtss.ie\/ro\/wp-json\/wp\/v2\/types\/page"}],"author":[{"embeddable":true,"href":"https:\/\/gtss.ie\/ro\/wp-json\/wp\/v2\/users\/1"}],"replies":[{"embeddable":true,"href":"https:\/\/gtss.ie\/ro\/wp-json\/wp\/v2\/comments?post=137889"}],"version-history":[{"count":5,"href":"https:\/\/gtss.ie\/ro\/wp-json\/wp\/v2\/pages\/137889\/revisions"}],"predecessor-version":[{"id":152993,"href":"https:\/\/gtss.ie\/ro\/wp-json\/wp\/v2\/pages\/137889\/revisions\/152993"}],"up":[{"embeddable":true,"href":"https:\/\/gtss.ie\/ro\/wp-json\/wp\/v2\/pages\/137908"}],"wp:attachment":[{"href":"https:\/\/gtss.ie\/ro\/wp-json\/wp\/v2\/media?parent=137889"}],"curies":[{"name":"wp","href":"https:\/\/api.w.org\/{rel}","templated":true}]}}